{"id":285,"date":"2024-07-28T20:09:32","date_gmt":"2024-07-28T17:09:32","guid":{"rendered":"https:\/\/ikincielcekyat-ucuzsatan.com\/ikinciel\/?post_type=product&#038;p=285"},"modified":"2024-07-28T20:09:51","modified_gmt":"2024-07-28T17:09:51","slug":"ikinci-el-ikea-cekyat-kaliteli-ve-saglam-urun-ucuz-fiyata","status":"publish","type":"product","link":"https:\/\/ikincielcekyat-ucuzsatan.com\/ikinciel\/urun\/ikinci-el-ikea-cekyat-kaliteli-ve-saglam-urun-ucuz-fiyata\/","title":{"rendered":"ikinci el ikea \u00e7ekyat kaliteli ve sa\u011flam \u00fcr\u00fcn ucuz fiyata"},"content":{"rendered":"<p><img loading=\"lazy\" decoding=\"async\" class=\"aligncenter size-full wp-image-286\" src=\"https:\/\/ikincielcekyat-ucuzsatan.com\/ikinciel\/wp-content\/uploads\/2024\/07\/ikinci-el-ikea-cekyat-2.jpg\" alt=\"\" width=\"1600\" height=\"1200\" title=\"\" srcset=\"https:\/\/ikincielcekyat-ucuzsatan.com\/ikinciel\/wp-content\/uploads\/2024\/07\/ikinci-el-ikea-cekyat-2.jpg 1600w, https:\/\/ikincielcekyat-ucuzsatan.com\/ikinciel\/wp-content\/uploads\/2024\/07\/ikinci-el-ikea-cekyat-2-300x225.jpg 300w, https:\/\/ikincielcekyat-ucuzsatan.com\/ikinciel\/wp-content\/uploads\/2024\/07\/ikinci-el-ikea-cekyat-2-1024x768.jpg 1024w, https:\/\/ikincielcekyat-ucuzsatan.com\/ikinciel\/wp-content\/uploads\/2024\/07\/ikinci-el-ikea-cekyat-2-768x576.jpg 768w, https:\/\/ikincielcekyat-ucuzsatan.com\/ikinciel\/wp-content\/uploads\/2024\/07\/ikinci-el-ikea-cekyat-2-1536x1152.jpg 1536w, https:\/\/ikincielcekyat-ucuzsatan.com\/ikinciel\/wp-content\/uploads\/2024\/07\/ikinci-el-ikea-cekyat-2-160x120.jpg 160w, https:\/\/ikincielcekyat-ucuzsatan.com\/ikinciel\/wp-content\/uploads\/2024\/07\/ikinci-el-ikea-cekyat-2-600x450.jpg 600w\" sizes=\"auto, (max-width: 1600px) 100vw, 1600px\" \/> <img loading=\"lazy\" decoding=\"async\" class=\"aligncenter size-full wp-image-287\" src=\"https:\/\/ikincielcekyat-ucuzsatan.com\/ikinciel\/wp-content\/uploads\/2024\/07\/ikinci-el-ikea-cekyat-3.jpg\" alt=\"\" width=\"1600\" height=\"1200\" title=\"\" srcset=\"https:\/\/ikincielcekyat-ucuzsatan.com\/ikinciel\/wp-content\/uploads\/2024\/07\/ikinci-el-ikea-cekyat-3.jpg 1600w, https:\/\/ikincielcekyat-ucuzsatan.com\/ikinciel\/wp-content\/uploads\/2024\/07\/ikinci-el-ikea-cekyat-3-300x225.jpg 300w, https:\/\/ikincielcekyat-ucuzsatan.com\/ikinciel\/wp-content\/uploads\/2024\/07\/ikinci-el-ikea-cekyat-3-1024x768.jpg 1024w, https:\/\/ikincielcekyat-ucuzsatan.com\/ikinciel\/wp-content\/uploads\/2024\/07\/ikinci-el-ikea-cekyat-3-768x576.jpg 768w, https:\/\/ikincielcekyat-ucuzsatan.com\/ikinciel\/wp-content\/uploads\/2024\/07\/ikinci-el-ikea-cekyat-3-1536x1152.jpg 1536w, https:\/\/ikincielcekyat-ucuzsatan.com\/ikinciel\/wp-content\/uploads\/2024\/07\/ikinci-el-ikea-cekyat-3-160x120.jpg 160w, https:\/\/ikincielcekyat-ucuzsatan.com\/ikinciel\/wp-content\/uploads\/2024\/07\/ikinci-el-ikea-cekyat-3-600x450.jpg 600w\" sizes=\"auto, (max-width: 1600px) 100vw, 1600px\" \/> <img loading=\"lazy\" decoding=\"async\" class=\"aligncenter size-full wp-image-288\" src=\"https:\/\/ikincielcekyat-ucuzsatan.com\/ikinciel\/wp-content\/uploads\/2024\/07\/ikinci-el-ikea-cekyat-1.jpg\" alt=\"\" width=\"1600\" height=\"900\" title=\"\" srcset=\"https:\/\/ikincielcekyat-ucuzsatan.com\/ikinciel\/wp-content\/uploads\/2024\/07\/ikinci-el-ikea-cekyat-1.jpg 1600w, https:\/\/ikincielcekyat-ucuzsatan.com\/ikinciel\/wp-content\/uploads\/2024\/07\/ikinci-el-ikea-cekyat-1-300x169.jpg 300w, https:\/\/ikincielcekyat-ucuzsatan.com\/ikinciel\/wp-content\/uploads\/2024\/07\/ikinci-el-ikea-cekyat-1-1024x576.jpg 1024w, https:\/\/ikincielcekyat-ucuzsatan.com\/ikinciel\/wp-content\/uploads\/2024\/07\/ikinci-el-ikea-cekyat-1-768x432.jpg 768w, https:\/\/ikincielcekyat-ucuzsatan.com\/ikinciel\/wp-content\/uploads\/2024\/07\/ikinci-el-ikea-cekyat-1-1536x864.jpg 1536w, https:\/\/ikincielcekyat-ucuzsatan.com\/ikinciel\/wp-content\/uploads\/2024\/07\/ikinci-el-ikea-cekyat-1-1140x641.jpg 1140w, https:\/\/ikincielcekyat-ucuzsatan.com\/ikinciel\/wp-content\/uploads\/2024\/07\/ikinci-el-ikea-cekyat-1-720x405.jpg 720w, https:\/\/ikincielcekyat-ucuzsatan.com\/ikinciel\/wp-content\/uploads\/2024\/07\/ikinci-el-ikea-cekyat-1-600x338.jpg 600w\" sizes=\"auto, (max-width: 1600px) 100vw, 1600px\" \/><\/p>\n","protected":false},"excerpt":{"rendered":"<p>Yatakl\u0131 kanepe modelleri avantajl\u0131 fiyatlar\u0131yla IKEA&#8217;da. 2 Kanepe 999 TL<br \/>\nletgo 2.el \u00e7ekyat fiyatlar\u0131 <strong>2.el kanepe fiyatlar\u0131 IKEA yatakl\u0131 kanepe<\/strong><br \/>\n2.el kanepe sahibinden<br \/>\nsahibinden 2.el kanepe ankara ekli koltuk modelleri avantajl\u0131 fiyatlarla IKEA&#8217;da. T\u0131klay\u0131n, evinize en uygun tekli koltuk T\u0131klay\u0131n, evinize en uygun yatakl\u0131 kanepe<\/p>\n","protected":false},"featured_media":286,"template":"","meta":[],"product_brand":[],"product_cat":[15],"product_tag":[30],"class_list":{"0":"post-285","1":"product","2":"type-product","3":"status-publish","4":"has-post-thumbnail","6":"product_cat-ikinci-el-cekyat","7":"product_tag-ikinci-el-ikea-cekyat-kanepe","9":"first","10":"instock","11":"sale","12":"shipping-taxable","13":"purchasable","14":"product-type-simple"},"_links":{"self":[{"href":"https:\/\/ikincielcekyat-ucuzsatan.com\/ikinciel\/wp-json\/wp\/v2\/product\/285","targetHints":{"allow":["GET"]}}],"collection":[{"href":"https:\/\/ikincielcekyat-ucuzsatan.com\/ikinciel\/wp-json\/wp\/v2\/product"}],"about":[{"href":"https:\/\/ikincielcekyat-ucuzsatan.com\/ikinciel\/wp-json\/wp\/v2\/types\/product"}],"wp:featuredmedia":[{"embeddable":true,"href":"https:\/\/ikincielcekyat-ucuzsatan.com\/ikinciel\/wp-json\/wp\/v2\/media\/286"}],"wp:attachment":[{"href":"https:\/\/ikincielcekyat-ucuzsatan.com\/ikinciel\/wp-json\/wp\/v2\/media?parent=285"}],"wp:term":[{"taxonomy":"product_brand","embeddable":true,"href":"https:\/\/ikincielcekyat-ucuzsatan.com\/ikinciel\/wp-json\/wp\/v2\/product_brand?post=285"},{"taxonomy":"product_cat","embeddable":true,"href":"https:\/\/ikincielcekyat-ucuzsatan.com\/ikinciel\/wp-json\/wp\/v2\/product_cat?post=285"},{"taxonomy":"product_tag","embeddable":true,"href":"https:\/\/ikincielcekyat-ucuzsatan.com\/ikinciel\/wp-json\/wp\/v2\/product_tag?post=285"}],"curies":[{"name":"wp","href":"https:\/\/api.w.org\/{rel}","templated":true}]}}