{"id":308,"date":"2024-07-29T09:10:43","date_gmt":"2024-07-29T06:10:43","guid":{"rendered":"https:\/\/ikincielcekyat-ucuzsatan.com\/ikinciel\/?post_type=product&#038;p=308"},"modified":"2024-07-29T09:10:43","modified_gmt":"2024-07-29T06:10:43","slug":"kanepe-22090-olcusunde-ikinci-el-ozel-yapim-iyi-durumda","status":"publish","type":"product","link":"https:\/\/ikincielcekyat-ucuzsatan.com\/ikinciel\/urun\/kanepe-22090-olcusunde-ikinci-el-ozel-yapim-iyi-durumda\/","title":{"rendered":"Kanepe 220*90 \u00f6l\u00e7\u00fcs\u00fcnde ikinci el \u00f6zel yap\u0131m iyi durumda"},"content":{"rendered":"<p><img loading=\"lazy\" decoding=\"async\" src=\"https:\/\/ikincielcekyat-ucuzsatan.com\/ikinciel\/wp-content\/uploads\/2024\/07\/Kanape-220-90-ozel-yapim-iyi-durumda-2.png\" alt=\"\" width=\"873\" height=\"631\" class=\"aligncenter size-full wp-image-309\" title=\"\" srcset=\"https:\/\/ikincielcekyat-ucuzsatan.com\/ikinciel\/wp-content\/uploads\/2024\/07\/Kanape-220-90-ozel-yapim-iyi-durumda-2.png 873w, https:\/\/ikincielcekyat-ucuzsatan.com\/ikinciel\/wp-content\/uploads\/2024\/07\/Kanape-220-90-ozel-yapim-iyi-durumda-2-300x217.png 300w, https:\/\/ikincielcekyat-ucuzsatan.com\/ikinciel\/wp-content\/uploads\/2024\/07\/Kanape-220-90-ozel-yapim-iyi-durumda-2-768x555.png 768w, https:\/\/ikincielcekyat-ucuzsatan.com\/ikinciel\/wp-content\/uploads\/2024\/07\/Kanape-220-90-ozel-yapim-iyi-durumda-2-600x434.png 600w\" sizes=\"auto, (max-width: 873px) 100vw, 873px\" \/><\/p>\n<p><img loading=\"lazy\" decoding=\"async\" src=\"https:\/\/ikincielcekyat-ucuzsatan.com\/ikinciel\/wp-content\/uploads\/2024\/07\/Kanape-220-90-ozel-yapim-iyi-durumda-3.png\" alt=\"\" width=\"863\" height=\"631\" class=\"aligncenter size-full wp-image-310\" title=\"\" srcset=\"https:\/\/ikincielcekyat-ucuzsatan.com\/ikinciel\/wp-content\/uploads\/2024\/07\/Kanape-220-90-ozel-yapim-iyi-durumda-3.png 863w, https:\/\/ikincielcekyat-ucuzsatan.com\/ikinciel\/wp-content\/uploads\/2024\/07\/Kanape-220-90-ozel-yapim-iyi-durumda-3-300x219.png 300w, https:\/\/ikincielcekyat-ucuzsatan.com\/ikinciel\/wp-content\/uploads\/2024\/07\/Kanape-220-90-ozel-yapim-iyi-durumda-3-768x562.png 768w, https:\/\/ikincielcekyat-ucuzsatan.com\/ikinciel\/wp-content\/uploads\/2024\/07\/Kanape-220-90-ozel-yapim-iyi-durumda-3-600x439.png 600w\" sizes=\"auto, (max-width: 863px) 100vw, 863px\" \/><\/p>\n<p><img loading=\"lazy\" decoding=\"async\" src=\"https:\/\/ikincielcekyat-ucuzsatan.com\/ikinciel\/wp-content\/uploads\/2024\/07\/Kanape-220-90-ozel-yapim-iyi-durumda-1.png\" alt=\"\" width=\"790\" height=\"597\" class=\"aligncenter size-full wp-image-311\" title=\"\" srcset=\"https:\/\/ikincielcekyat-ucuzsatan.com\/ikinciel\/wp-content\/uploads\/2024\/07\/Kanape-220-90-ozel-yapim-iyi-durumda-1.png 790w, https:\/\/ikincielcekyat-ucuzsatan.com\/ikinciel\/wp-content\/uploads\/2024\/07\/Kanape-220-90-ozel-yapim-iyi-durumda-1-300x227.png 300w, https:\/\/ikincielcekyat-ucuzsatan.com\/ikinciel\/wp-content\/uploads\/2024\/07\/Kanape-220-90-ozel-yapim-iyi-durumda-1-768x580.png 768w, https:\/\/ikincielcekyat-ucuzsatan.com\/ikinciel\/wp-content\/uploads\/2024\/07\/Kanape-220-90-ozel-yapim-iyi-durumda-1-160x120.png 160w, https:\/\/ikincielcekyat-ucuzsatan.com\/ikinciel\/wp-content\/uploads\/2024\/07\/Kanape-220-90-ozel-yapim-iyi-durumda-1-600x453.png 600w\" sizes=\"auto, (max-width: 790px) 100vw, 790px\" \/><\/p>\n","protected":false},"excerpt":{"rendered":"<p>Kanape 220 90 \u00f6zel yap\u0131m iyi durumda Kolay: Teklifler h\u0131zla cebine gelsin, zaman\u0131n sevdiklerinle sana kals\u0131n. Kaliteli: M\u00fc\u015fterilerin onayl\u0131 Bu durum kullan\u0131lan alanlarda \u00f6zel konfor alan\u0131 in\u015fa etmenize neden olur. Koltuk ve Kanepe Aras\u0131ndaki<\/p>\n","protected":false},"featured_media":309,"template":"","meta":[],"product_brand":[],"product_cat":[31],"product_tag":[],"class_list":{"0":"post-308","1":"product","2":"type-product","3":"status-publish","4":"has-post-thumbnail","6":"product_cat-ikinci-el-kanepe","8":"first","9":"instock","10":"sale","11":"shipping-taxable","12":"purchasable","13":"product-type-simple"},"_links":{"self":[{"href":"https:\/\/ikincielcekyat-ucuzsatan.com\/ikinciel\/wp-json\/wp\/v2\/product\/308","targetHints":{"allow":["GET"]}}],"collection":[{"href":"https:\/\/ikincielcekyat-ucuzsatan.com\/ikinciel\/wp-json\/wp\/v2\/product"}],"about":[{"href":"https:\/\/ikincielcekyat-ucuzsatan.com\/ikinciel\/wp-json\/wp\/v2\/types\/product"}],"wp:featuredmedia":[{"embeddable":true,"href":"https:\/\/ikincielcekyat-ucuzsatan.com\/ikinciel\/wp-json\/wp\/v2\/media\/309"}],"wp:attachment":[{"href":"https:\/\/ikincielcekyat-ucuzsatan.com\/ikinciel\/wp-json\/wp\/v2\/media?parent=308"}],"wp:term":[{"taxonomy":"product_brand","embeddable":true,"href":"https:\/\/ikincielcekyat-ucuzsatan.com\/ikinciel\/wp-json\/wp\/v2\/product_brand?post=308"},{"taxonomy":"product_cat","embeddable":true,"href":"https:\/\/ikincielcekyat-ucuzsatan.com\/ikinciel\/wp-json\/wp\/v2\/product_cat?post=308"},{"taxonomy":"product_tag","embeddable":true,"href":"https:\/\/ikincielcekyat-ucuzsatan.com\/ikinciel\/wp-json\/wp\/v2\/product_tag?post=308"}],"curies":[{"name":"wp","href":"https:\/\/api.w.org\/{rel}","templated":true}]}}