{"id":312,"date":"2024-07-29T09:13:40","date_gmt":"2024-07-29T06:13:40","guid":{"rendered":"https:\/\/ikincielcekyat-ucuzsatan.com\/ikinciel\/?post_type=product&#038;p=312"},"modified":"2024-07-29T09:13:40","modified_gmt":"2024-07-29T06:13:40","slug":"kromaj-aksamli-yatak-olabilen-kullanilmamis-kirmizi-kanepe","status":"publish","type":"product","link":"https:\/\/ikincielcekyat-ucuzsatan.com\/ikinciel\/urun\/kromaj-aksamli-yatak-olabilen-kullanilmamis-kirmizi-kanepe\/","title":{"rendered":"Kromaj aksaml\u0131 yatak olabilen kullan\u0131lmam\u0131\u015f k\u0131rm\u0131z\u0131 kanepe"},"content":{"rendered":"<p><img loading=\"lazy\" decoding=\"async\" src=\"https:\/\/ikincielcekyat-ucuzsatan.com\/ikinciel\/wp-content\/uploads\/2024\/07\/kullanilmamis-kirmizi-kanepe-3.png\" alt=\"\" width=\"793\" height=\"633\" class=\"aligncenter size-full wp-image-313\" title=\"\" srcset=\"https:\/\/ikincielcekyat-ucuzsatan.com\/ikinciel\/wp-content\/uploads\/2024\/07\/kullanilmamis-kirmizi-kanepe-3.png 793w, https:\/\/ikincielcekyat-ucuzsatan.com\/ikinciel\/wp-content\/uploads\/2024\/07\/kullanilmamis-kirmizi-kanepe-3-300x239.png 300w, https:\/\/ikincielcekyat-ucuzsatan.com\/ikinciel\/wp-content\/uploads\/2024\/07\/kullanilmamis-kirmizi-kanepe-3-768x613.png 768w, https:\/\/ikincielcekyat-ucuzsatan.com\/ikinciel\/wp-content\/uploads\/2024\/07\/kullanilmamis-kirmizi-kanepe-3-600x479.png 600w\" sizes=\"auto, (max-width: 793px) 100vw, 793px\" \/><\/p>\n<p><img loading=\"lazy\" decoding=\"async\" src=\"https:\/\/ikincielcekyat-ucuzsatan.com\/ikinciel\/wp-content\/uploads\/2024\/07\/kullanilmamis-kirmizi-kanepe-4.png\" alt=\"\" width=\"792\" height=\"629\" class=\"aligncenter size-full wp-image-314\" title=\"\" srcset=\"https:\/\/ikincielcekyat-ucuzsatan.com\/ikinciel\/wp-content\/uploads\/2024\/07\/kullanilmamis-kirmizi-kanepe-4.png 792w, https:\/\/ikincielcekyat-ucuzsatan.com\/ikinciel\/wp-content\/uploads\/2024\/07\/kullanilmamis-kirmizi-kanepe-4-300x238.png 300w, https:\/\/ikincielcekyat-ucuzsatan.com\/ikinciel\/wp-content\/uploads\/2024\/07\/kullanilmamis-kirmizi-kanepe-4-768x610.png 768w, https:\/\/ikincielcekyat-ucuzsatan.com\/ikinciel\/wp-content\/uploads\/2024\/07\/kullanilmamis-kirmizi-kanepe-4-600x477.png 600w\" sizes=\"auto, (max-width: 792px) 100vw, 792px\" \/><\/p>\n<p><img loading=\"lazy\" decoding=\"async\" src=\"https:\/\/ikincielcekyat-ucuzsatan.com\/ikinciel\/wp-content\/uploads\/2024\/07\/kullanilmamis-kirmizi-kanepe-1.png\" alt=\"\" width=\"786\" height=\"626\" class=\"aligncenter size-full wp-image-315\" title=\"\" srcset=\"https:\/\/ikincielcekyat-ucuzsatan.com\/ikinciel\/wp-content\/uploads\/2024\/07\/kullanilmamis-kirmizi-kanepe-1.png 786w, https:\/\/ikincielcekyat-ucuzsatan.com\/ikinciel\/wp-content\/uploads\/2024\/07\/kullanilmamis-kirmizi-kanepe-1-300x239.png 300w, https:\/\/ikincielcekyat-ucuzsatan.com\/ikinciel\/wp-content\/uploads\/2024\/07\/kullanilmamis-kirmizi-kanepe-1-768x612.png 768w, https:\/\/ikincielcekyat-ucuzsatan.com\/ikinciel\/wp-content\/uploads\/2024\/07\/kullanilmamis-kirmizi-kanepe-1-600x478.png 600w\" sizes=\"auto, (max-width: 786px) 100vw, 786px\" \/><\/p>\n<p><img loading=\"lazy\" decoding=\"async\" src=\"https:\/\/ikincielcekyat-ucuzsatan.com\/ikinciel\/wp-content\/uploads\/2024\/07\/kullanilmamis-kirmizi-kanepe-2.png\" alt=\"\" width=\"787\" height=\"633\" class=\"aligncenter size-full wp-image-316\" title=\"\" srcset=\"https:\/\/ikincielcekyat-ucuzsatan.com\/ikinciel\/wp-content\/uploads\/2024\/07\/kullanilmamis-kirmizi-kanepe-2.png 787w, https:\/\/ikincielcekyat-ucuzsatan.com\/ikinciel\/wp-content\/uploads\/2024\/07\/kullanilmamis-kirmizi-kanepe-2-300x241.png 300w, https:\/\/ikincielcekyat-ucuzsatan.com\/ikinciel\/wp-content\/uploads\/2024\/07\/kullanilmamis-kirmizi-kanepe-2-768x618.png 768w, https:\/\/ikincielcekyat-ucuzsatan.com\/ikinciel\/wp-content\/uploads\/2024\/07\/kullanilmamis-kirmizi-kanepe-2-600x483.png 600w\" sizes=\"auto, (max-width: 787px) 100vw, 787px\" \/><\/p>\n","protected":false},"excerpt":{"rendered":"<p>kullan\u0131lmam\u0131\u015f k\u0131rm\u0131z\u0131 kanepe \u0130kinci el Hi\u00e7 kullan\u0131lmam\u0131\u015f, k\u0131rm\u0131z\u0131 chester Berjer, Tekli Koltuk \u00c7ekyat, Kanepe Josefin Koltuk Tak\u0131m\u0131 K\u00f6\u015fe Koltuk Tak\u0131m\u0131 Salon Tak\u0131m\u0131 TV Koltu\u011fu TV \u00dcnitesi &#8230; kullan\u0131lmayan modeller tasarlan\u0131r. klasik kanepe modelleri en uygun fiyatlar ve indirim f\u0131rsat\u0131yla<\/p>\n","protected":false},"featured_media":316,"template":"","meta":[],"product_brand":[],"product_cat":[31],"product_tag":[],"class_list":{"0":"post-312","1":"product","2":"type-product","3":"status-publish","4":"has-post-thumbnail","6":"product_cat-ikinci-el-kanepe","8":"first","9":"instock","10":"sale","11":"shipping-taxable","12":"purchasable","13":"product-type-simple"},"_links":{"self":[{"href":"https:\/\/ikincielcekyat-ucuzsatan.com\/ikinciel\/wp-json\/wp\/v2\/product\/312","targetHints":{"allow":["GET"]}}],"collection":[{"href":"https:\/\/ikincielcekyat-ucuzsatan.com\/ikinciel\/wp-json\/wp\/v2\/product"}],"about":[{"href":"https:\/\/ikincielcekyat-ucuzsatan.com\/ikinciel\/wp-json\/wp\/v2\/types\/product"}],"wp:featuredmedia":[{"embeddable":true,"href":"https:\/\/ikincielcekyat-ucuzsatan.com\/ikinciel\/wp-json\/wp\/v2\/media\/316"}],"wp:attachment":[{"href":"https:\/\/ikincielcekyat-ucuzsatan.com\/ikinciel\/wp-json\/wp\/v2\/media?parent=312"}],"wp:term":[{"taxonomy":"product_brand","embeddable":true,"href":"https:\/\/ikincielcekyat-ucuzsatan.com\/ikinciel\/wp-json\/wp\/v2\/product_brand?post=312"},{"taxonomy":"product_cat","embeddable":true,"href":"https:\/\/ikincielcekyat-ucuzsatan.com\/ikinciel\/wp-json\/wp\/v2\/product_cat?post=312"},{"taxonomy":"product_tag","embeddable":true,"href":"https:\/\/ikincielcekyat-ucuzsatan.com\/ikinciel\/wp-json\/wp\/v2\/product_tag?post=312"}],"curies":[{"name":"wp","href":"https:\/\/api.w.org\/{rel}","templated":true}]}}