{"id":317,"date":"2024-07-29T09:17:14","date_gmt":"2024-07-29T06:17:14","guid":{"rendered":"https:\/\/ikincielcekyat-ucuzsatan.com\/ikinciel\/?post_type=product&#038;p=317"},"modified":"2024-07-29T09:17:14","modified_gmt":"2024-07-29T06:17:14","slug":"mudo-concept-uzanma-koltuk-uyumak-ve-dinlenmek-icin-ideal-koltuk-cekyat","status":"publish","type":"product","link":"https:\/\/ikincielcekyat-ucuzsatan.com\/ikinciel\/urun\/mudo-concept-uzanma-koltuk-uyumak-ve-dinlenmek-icin-ideal-koltuk-cekyat\/","title":{"rendered":"Mudo concept uzanma koltuk uyumak ve dinlenmek i\u00e7in ideal koltuk \u00e7ekyat"},"content":{"rendered":"<p><img loading=\"lazy\" decoding=\"async\" src=\"https:\/\/ikincielcekyat-ucuzsatan.com\/ikinciel\/wp-content\/uploads\/2024\/07\/Mudo-concept-uzanma-koltuk-3.png\" alt=\"\" width=\"1063\" height=\"633\" class=\"aligncenter size-full wp-image-318\" title=\"\" srcset=\"https:\/\/ikincielcekyat-ucuzsatan.com\/ikinciel\/wp-content\/uploads\/2024\/07\/Mudo-concept-uzanma-koltuk-3.png 1063w, https:\/\/ikincielcekyat-ucuzsatan.com\/ikinciel\/wp-content\/uploads\/2024\/07\/Mudo-concept-uzanma-koltuk-3-300x179.png 300w, https:\/\/ikincielcekyat-ucuzsatan.com\/ikinciel\/wp-content\/uploads\/2024\/07\/Mudo-concept-uzanma-koltuk-3-1024x610.png 1024w, https:\/\/ikincielcekyat-ucuzsatan.com\/ikinciel\/wp-content\/uploads\/2024\/07\/Mudo-concept-uzanma-koltuk-3-768x457.png 768w, https:\/\/ikincielcekyat-ucuzsatan.com\/ikinciel\/wp-content\/uploads\/2024\/07\/Mudo-concept-uzanma-koltuk-3-600x357.png 600w\" sizes=\"auto, (max-width: 1063px) 100vw, 1063px\" \/><\/p>\n<p><img loading=\"lazy\" decoding=\"async\" src=\"https:\/\/ikincielcekyat-ucuzsatan.com\/ikinciel\/wp-content\/uploads\/2024\/07\/Mudo-concept-uzanma-koltuk-1.png\" alt=\"\" width=\"1060\" height=\"634\" class=\"aligncenter size-full wp-image-319\" title=\"\" srcset=\"https:\/\/ikincielcekyat-ucuzsatan.com\/ikinciel\/wp-content\/uploads\/2024\/07\/Mudo-concept-uzanma-koltuk-1.png 1060w, https:\/\/ikincielcekyat-ucuzsatan.com\/ikinciel\/wp-content\/uploads\/2024\/07\/Mudo-concept-uzanma-koltuk-1-300x179.png 300w, https:\/\/ikincielcekyat-ucuzsatan.com\/ikinciel\/wp-content\/uploads\/2024\/07\/Mudo-concept-uzanma-koltuk-1-1024x612.png 1024w, https:\/\/ikincielcekyat-ucuzsatan.com\/ikinciel\/wp-content\/uploads\/2024\/07\/Mudo-concept-uzanma-koltuk-1-768x459.png 768w, https:\/\/ikincielcekyat-ucuzsatan.com\/ikinciel\/wp-content\/uploads\/2024\/07\/Mudo-concept-uzanma-koltuk-1-600x359.png 600w\" sizes=\"auto, (max-width: 1060px) 100vw, 1060px\" \/><\/p>\n<p><img loading=\"lazy\" decoding=\"async\" src=\"https:\/\/ikincielcekyat-ucuzsatan.com\/ikinciel\/wp-content\/uploads\/2024\/07\/Mudo-concept-uzanma-koltuk-2.png\" alt=\"\" width=\"946\" height=\"634\" class=\"aligncenter size-full wp-image-320\" title=\"\" srcset=\"https:\/\/ikincielcekyat-ucuzsatan.com\/ikinciel\/wp-content\/uploads\/2024\/07\/Mudo-concept-uzanma-koltuk-2.png 946w, https:\/\/ikincielcekyat-ucuzsatan.com\/ikinciel\/wp-content\/uploads\/2024\/07\/Mudo-concept-uzanma-koltuk-2-300x201.png 300w, https:\/\/ikincielcekyat-ucuzsatan.com\/ikinciel\/wp-content\/uploads\/2024\/07\/Mudo-concept-uzanma-koltuk-2-768x515.png 768w, https:\/\/ikincielcekyat-ucuzsatan.com\/ikinciel\/wp-content\/uploads\/2024\/07\/Mudo-concept-uzanma-koltuk-2-600x402.png 600w\" sizes=\"auto, (max-width: 946px) 100vw, 946px\" \/><\/p>\n","protected":false},"excerpt":{"rendered":"<p>Mudo concept uzanma koltuk Mudo Concept Mobilyalarda 2 ve \u00dczeri Al\u0131\u015fveri\u015fte %15 \u0130ndirim F\u0131rsat\u0131 Sizi Bekliyor! En \u015e\u0131k ve Rahat Mudo Concept MOB\u0130LYA HAR\u0130C\u0130 MUDO CONCEPT ALI\u015eVER\u0130\u015eLER\u0130N\u0130ZDE 850 TL VE \u00dcZER\u0130 Mobilyalara Avantajl\u0131 Fiyatlarla<\/p>\n","protected":false},"featured_media":318,"template":"","meta":[],"product_brand":[],"product_cat":[15],"product_tag":[],"class_list":{"0":"post-317","1":"product","2":"type-product","3":"status-publish","4":"has-post-thumbnail","6":"product_cat-ikinci-el-cekyat","8":"first","9":"instock","10":"sale","11":"shipping-taxable","12":"purchasable","13":"product-type-simple"},"_links":{"self":[{"href":"https:\/\/ikincielcekyat-ucuzsatan.com\/ikinciel\/wp-json\/wp\/v2\/product\/317","targetHints":{"allow":["GET"]}}],"collection":[{"href":"https:\/\/ikincielcekyat-ucuzsatan.com\/ikinciel\/wp-json\/wp\/v2\/product"}],"about":[{"href":"https:\/\/ikincielcekyat-ucuzsatan.com\/ikinciel\/wp-json\/wp\/v2\/types\/product"}],"wp:featuredmedia":[{"embeddable":true,"href":"https:\/\/ikincielcekyat-ucuzsatan.com\/ikinciel\/wp-json\/wp\/v2\/media\/318"}],"wp:attachment":[{"href":"https:\/\/ikincielcekyat-ucuzsatan.com\/ikinciel\/wp-json\/wp\/v2\/media?parent=317"}],"wp:term":[{"taxonomy":"product_brand","embeddable":true,"href":"https:\/\/ikincielcekyat-ucuzsatan.com\/ikinciel\/wp-json\/wp\/v2\/product_brand?post=317"},{"taxonomy":"product_cat","embeddable":true,"href":"https:\/\/ikincielcekyat-ucuzsatan.com\/ikinciel\/wp-json\/wp\/v2\/product_cat?post=317"},{"taxonomy":"product_tag","embeddable":true,"href":"https:\/\/ikincielcekyat-ucuzsatan.com\/ikinciel\/wp-json\/wp\/v2\/product_tag?post=317"}],"curies":[{"name":"wp","href":"https:\/\/api.w.org\/{rel}","templated":true}]}}