{"id":321,"date":"2024-07-29T09:21:18","date_gmt":"2024-07-29T06:21:18","guid":{"rendered":"https:\/\/ikincielcekyat-ucuzsatan.com\/ikinciel\/?post_type=product&#038;p=321"},"modified":"2024-07-29T09:21:18","modified_gmt":"2024-07-29T06:21:18","slug":"kullanilmis-yatas-marka-saglam-ve-kaliteli-yatakli-bazali-kanepe-cekyat","status":"publish","type":"product","link":"https:\/\/ikincielcekyat-ucuzsatan.com\/ikinciel\/urun\/kullanilmis-yatas-marka-saglam-ve-kaliteli-yatakli-bazali-kanepe-cekyat\/","title":{"rendered":"Kullan\u0131lm\u0131\u015f yata\u015f marka sa\u011flam ve kaliteli yatakl\u0131 bazal\u0131 kanepe-\u00e7ekyat"},"content":{"rendered":"<p><img loading=\"lazy\" decoding=\"async\" src=\"https:\/\/ikincielcekyat-ucuzsatan.com\/ikinciel\/wp-content\/uploads\/2024\/07\/Kullanilmis-yatas-cekyat-1.png\" alt=\"\" width=\"863\" height=\"633\" class=\"aligncenter size-full wp-image-322\" title=\"\" srcset=\"https:\/\/ikincielcekyat-ucuzsatan.com\/ikinciel\/wp-content\/uploads\/2024\/07\/Kullanilmis-yatas-cekyat-1.png 863w, https:\/\/ikincielcekyat-ucuzsatan.com\/ikinciel\/wp-content\/uploads\/2024\/07\/Kullanilmis-yatas-cekyat-1-300x220.png 300w, https:\/\/ikincielcekyat-ucuzsatan.com\/ikinciel\/wp-content\/uploads\/2024\/07\/Kullanilmis-yatas-cekyat-1-768x563.png 768w, https:\/\/ikincielcekyat-ucuzsatan.com\/ikinciel\/wp-content\/uploads\/2024\/07\/Kullanilmis-yatas-cekyat-1-600x440.png 600w\" sizes=\"auto, (max-width: 863px) 100vw, 863px\" \/><\/p>\n<p><img loading=\"lazy\" decoding=\"async\" src=\"https:\/\/ikincielcekyat-ucuzsatan.com\/ikinciel\/wp-content\/uploads\/2024\/07\/Kullanilmis-yatas-cekyat-2.png\" alt=\"\" width=\"872\" height=\"629\" class=\"aligncenter size-full wp-image-323\" title=\"\" srcset=\"https:\/\/ikincielcekyat-ucuzsatan.com\/ikinciel\/wp-content\/uploads\/2024\/07\/Kullanilmis-yatas-cekyat-2.png 872w, https:\/\/ikincielcekyat-ucuzsatan.com\/ikinciel\/wp-content\/uploads\/2024\/07\/Kullanilmis-yatas-cekyat-2-300x216.png 300w, https:\/\/ikincielcekyat-ucuzsatan.com\/ikinciel\/wp-content\/uploads\/2024\/07\/Kullanilmis-yatas-cekyat-2-768x554.png 768w, https:\/\/ikincielcekyat-ucuzsatan.com\/ikinciel\/wp-content\/uploads\/2024\/07\/Kullanilmis-yatas-cekyat-2-600x433.png 600w\" sizes=\"auto, (max-width: 872px) 100vw, 872px\" \/><\/p>\n<p><img loading=\"lazy\" decoding=\"async\" src=\"https:\/\/ikincielcekyat-ucuzsatan.com\/ikinciel\/wp-content\/uploads\/2024\/07\/Kullanilmis-yatas-cekyat-3.png\" alt=\"\" width=\"867\" height=\"628\" class=\"aligncenter size-full wp-image-324\" title=\"\" srcset=\"https:\/\/ikincielcekyat-ucuzsatan.com\/ikinciel\/wp-content\/uploads\/2024\/07\/Kullanilmis-yatas-cekyat-3.png 867w, https:\/\/ikincielcekyat-ucuzsatan.com\/ikinciel\/wp-content\/uploads\/2024\/07\/Kullanilmis-yatas-cekyat-3-300x217.png 300w, https:\/\/ikincielcekyat-ucuzsatan.com\/ikinciel\/wp-content\/uploads\/2024\/07\/Kullanilmis-yatas-cekyat-3-768x556.png 768w, https:\/\/ikincielcekyat-ucuzsatan.com\/ikinciel\/wp-content\/uploads\/2024\/07\/Kullanilmis-yatas-cekyat-3-600x435.png 600w\" sizes=\"auto, (max-width: 867px) 100vw, 867px\" \/><\/p>\n","protected":false},"excerpt":{"rendered":"<p>Kullan\u0131lm\u0131\u015f yata\u015f \u00e7ekyat yatak olan ikinci el bazal\u0131 kanepe-\u00e7ekyat kinci el sat\u0131l\u0131k ev e\u015fyalar\u0131 farkl\u0131 renk ve model se\u00e7eneleri ile Letgo&#8217;da. Binlerce ev e\u015fyas\u0131 ucuz fiyata sat\u0131l\u0131kt\u0131r sa\u011flam ve \u015f\u0131k bir \u00e7ekyatt\u0131r. bir<\/p>\n","protected":false},"featured_media":324,"template":"","meta":[],"product_brand":[],"product_cat":[15],"product_tag":[33],"class_list":{"0":"post-321","1":"product","2":"type-product","3":"status-publish","4":"has-post-thumbnail","6":"product_cat-ikinci-el-cekyat","7":"product_tag-ikinci-el-yatas-cekyat","9":"first","10":"instock","11":"sale","12":"shipping-taxable","13":"purchasable","14":"product-type-simple"},"_links":{"self":[{"href":"https:\/\/ikincielcekyat-ucuzsatan.com\/ikinciel\/wp-json\/wp\/v2\/product\/321","targetHints":{"allow":["GET"]}}],"collection":[{"href":"https:\/\/ikincielcekyat-ucuzsatan.com\/ikinciel\/wp-json\/wp\/v2\/product"}],"about":[{"href":"https:\/\/ikincielcekyat-ucuzsatan.com\/ikinciel\/wp-json\/wp\/v2\/types\/product"}],"wp:featuredmedia":[{"embeddable":true,"href":"https:\/\/ikincielcekyat-ucuzsatan.com\/ikinciel\/wp-json\/wp\/v2\/media\/324"}],"wp:attachment":[{"href":"https:\/\/ikincielcekyat-ucuzsatan.com\/ikinciel\/wp-json\/wp\/v2\/media?parent=321"}],"wp:term":[{"taxonomy":"product_brand","embeddable":true,"href":"https:\/\/ikincielcekyat-ucuzsatan.com\/ikinciel\/wp-json\/wp\/v2\/product_brand?post=321"},{"taxonomy":"product_cat","embeddable":true,"href":"https:\/\/ikincielcekyat-ucuzsatan.com\/ikinciel\/wp-json\/wp\/v2\/product_cat?post=321"},{"taxonomy":"product_tag","embeddable":true,"href":"https:\/\/ikincielcekyat-ucuzsatan.com\/ikinciel\/wp-json\/wp\/v2\/product_tag?post=321"}],"curies":[{"name":"wp","href":"https:\/\/api.w.org\/{rel}","templated":true}]}}