{"id":325,"date":"2024-07-30T13:02:58","date_gmt":"2024-07-30T10:02:58","guid":{"rendered":"https:\/\/ikincielcekyat-ucuzsatan.com\/ikinciel\/?post_type=product&#038;p=325"},"modified":"2024-07-30T13:02:58","modified_gmt":"2024-07-30T10:02:58","slug":"istikbal-kose-koltuk-saglam-fazla-kullanilmadi-temiz-durumda","status":"publish","type":"product","link":"https:\/\/ikincielcekyat-ucuzsatan.com\/ikinciel\/urun\/istikbal-kose-koltuk-saglam-fazla-kullanilmadi-temiz-durumda\/","title":{"rendered":"\u0130stikbal k\u00f6\u015fe koltuk sa\u011flam fazla kullan\u0131lmad\u0131 temiz durumda"},"content":{"rendered":"<p><img loading=\"lazy\" decoding=\"async\" src=\"https:\/\/ikincielcekyat-ucuzsatan.com\/ikinciel\/wp-content\/uploads\/2024\/07\/Istikbal-kose-koltuk-3.png\" alt=\"\" width=\"789\" height=\"633\" class=\"aligncenter size-full wp-image-326\" title=\"\" srcset=\"https:\/\/ikincielcekyat-ucuzsatan.com\/ikinciel\/wp-content\/uploads\/2024\/07\/Istikbal-kose-koltuk-3.png 789w, https:\/\/ikincielcekyat-ucuzsatan.com\/ikinciel\/wp-content\/uploads\/2024\/07\/Istikbal-kose-koltuk-3-300x241.png 300w, https:\/\/ikincielcekyat-ucuzsatan.com\/ikinciel\/wp-content\/uploads\/2024\/07\/Istikbal-kose-koltuk-3-768x616.png 768w, https:\/\/ikincielcekyat-ucuzsatan.com\/ikinciel\/wp-content\/uploads\/2024\/07\/Istikbal-kose-koltuk-3-600x481.png 600w\" sizes=\"auto, (max-width: 789px) 100vw, 789px\" \/><\/p>\n<p><img loading=\"lazy\" decoding=\"async\" src=\"https:\/\/ikincielcekyat-ucuzsatan.com\/ikinciel\/wp-content\/uploads\/2024\/07\/Istikbal-kose-koltuk-1.png\" alt=\"\" width=\"790\" height=\"630\" class=\"aligncenter size-full wp-image-327\" title=\"\" srcset=\"https:\/\/ikincielcekyat-ucuzsatan.com\/ikinciel\/wp-content\/uploads\/2024\/07\/Istikbal-kose-koltuk-1.png 790w, https:\/\/ikincielcekyat-ucuzsatan.com\/ikinciel\/wp-content\/uploads\/2024\/07\/Istikbal-kose-koltuk-1-300x239.png 300w, https:\/\/ikincielcekyat-ucuzsatan.com\/ikinciel\/wp-content\/uploads\/2024\/07\/Istikbal-kose-koltuk-1-768x612.png 768w, https:\/\/ikincielcekyat-ucuzsatan.com\/ikinciel\/wp-content\/uploads\/2024\/07\/Istikbal-kose-koltuk-1-600x478.png 600w\" sizes=\"auto, (max-width: 790px) 100vw, 790px\" \/><\/p>\n<p><img loading=\"lazy\" decoding=\"async\" src=\"https:\/\/ikincielcekyat-ucuzsatan.com\/ikinciel\/wp-content\/uploads\/2024\/07\/Istikbal-kose-koltuk-2.png\" alt=\"\" width=\"792\" height=\"627\" class=\"aligncenter size-full wp-image-328\" title=\"\" srcset=\"https:\/\/ikincielcekyat-ucuzsatan.com\/ikinciel\/wp-content\/uploads\/2024\/07\/Istikbal-kose-koltuk-2.png 792w, https:\/\/ikincielcekyat-ucuzsatan.com\/ikinciel\/wp-content\/uploads\/2024\/07\/Istikbal-kose-koltuk-2-300x238.png 300w, https:\/\/ikincielcekyat-ucuzsatan.com\/ikinciel\/wp-content\/uploads\/2024\/07\/Istikbal-kose-koltuk-2-768x608.png 768w, https:\/\/ikincielcekyat-ucuzsatan.com\/ikinciel\/wp-content\/uploads\/2024\/07\/Istikbal-kose-koltuk-2-600x475.png 600w\" sizes=\"auto, (max-width: 792px) 100vw, 792px\" \/><\/p>\n","protected":false},"excerpt":{"rendered":"<p><strong>ikinci el \u0130stikbal k\u00f6\u015fe koltuk<\/strong> 2.90 uzunluk 1.52 geni\u015flik, bazal\u0131 yatak olma \u00f6zelli\u011fi var.Bebek odas\u0131nda duruyor kullan\u0131lmad\u0131 gibi bir \u015fey komple \u00e7ocuk odas\u0131 yapaca\u011f\u0131m i\u00e7in sat\u0131yorum.<\/p>\n","protected":false},"featured_media":327,"template":"","meta":[],"product_brand":[],"product_cat":[15],"product_tag":[35,34],"class_list":{"0":"post-325","1":"product","2":"type-product","3":"status-publish","4":"has-post-thumbnail","6":"product_cat-ikinci-el-cekyat","7":"product_tag-ikinci-el-istikbal-cekyat","8":"product_tag-ikinci-el-kose-koltuk-takimi","10":"first","11":"instock","12":"sale","13":"shipping-taxable","14":"purchasable","15":"product-type-simple"},"_links":{"self":[{"href":"https:\/\/ikincielcekyat-ucuzsatan.com\/ikinciel\/wp-json\/wp\/v2\/product\/325","targetHints":{"allow":["GET"]}}],"collection":[{"href":"https:\/\/ikincielcekyat-ucuzsatan.com\/ikinciel\/wp-json\/wp\/v2\/product"}],"about":[{"href":"https:\/\/ikincielcekyat-ucuzsatan.com\/ikinciel\/wp-json\/wp\/v2\/types\/product"}],"wp:featuredmedia":[{"embeddable":true,"href":"https:\/\/ikincielcekyat-ucuzsatan.com\/ikinciel\/wp-json\/wp\/v2\/media\/327"}],"wp:attachment":[{"href":"https:\/\/ikincielcekyat-ucuzsatan.com\/ikinciel\/wp-json\/wp\/v2\/media?parent=325"}],"wp:term":[{"taxonomy":"product_brand","embeddable":true,"href":"https:\/\/ikincielcekyat-ucuzsatan.com\/ikinciel\/wp-json\/wp\/v2\/product_brand?post=325"},{"taxonomy":"product_cat","embeddable":true,"href":"https:\/\/ikincielcekyat-ucuzsatan.com\/ikinciel\/wp-json\/wp\/v2\/product_cat?post=325"},{"taxonomy":"product_tag","embeddable":true,"href":"https:\/\/ikincielcekyat-ucuzsatan.com\/ikinciel\/wp-json\/wp\/v2\/product_tag?post=325"}],"curies":[{"name":"wp","href":"https:\/\/api.w.org\/{rel}","templated":true}]}}