{"id":329,"date":"2024-07-30T13:06:36","date_gmt":"2024-07-30T10:06:36","guid":{"rendered":"https:\/\/ikincielcekyat-ucuzsatan.com\/ikinciel\/?post_type=product&#038;p=329"},"modified":"2024-07-30T13:06:36","modified_gmt":"2024-07-30T10:06:36","slug":"uc-kisilik-koltuk-cekyat-ise-acildiginda-cift-kisilik-yatak-olabiliyor","status":"publish","type":"product","link":"https:\/\/ikincielcekyat-ucuzsatan.com\/ikinciel\/urun\/uc-kisilik-koltuk-cekyat-ise-acildiginda-cift-kisilik-yatak-olabiliyor\/","title":{"rendered":"\u00dc\u00e7 ki\u015filik koltuk \u00e7ekyat ise a\u00e7\u0131ld\u0131\u011f\u0131nda \u00e7ift ki\u015filik yatak olabiliyor"},"content":{"rendered":"<p><img loading=\"lazy\" decoding=\"async\" class=\"aligncenter size-full wp-image-330\" src=\"https:\/\/ikincielcekyat-ucuzsatan.com\/ikinciel\/wp-content\/uploads\/2024\/07\/Uc-kisilik-koltuk-cekyat-3.png\" alt=\"\" width=\"591\" height=\"633\" title=\"\" srcset=\"https:\/\/ikincielcekyat-ucuzsatan.com\/ikinciel\/wp-content\/uploads\/2024\/07\/Uc-kisilik-koltuk-cekyat-3.png 591w, https:\/\/ikincielcekyat-ucuzsatan.com\/ikinciel\/wp-content\/uploads\/2024\/07\/Uc-kisilik-koltuk-cekyat-3-280x300.png 280w\" sizes=\"auto, (max-width: 591px) 100vw, 591px\" \/> <img loading=\"lazy\" decoding=\"async\" class=\"aligncenter size-full wp-image-331\" src=\"https:\/\/ikincielcekyat-ucuzsatan.com\/ikinciel\/wp-content\/uploads\/2024\/07\/Uc-kisilik-koltuk-cekyat-1.png\" alt=\"\" width=\"871\" height=\"637\" title=\"\" srcset=\"https:\/\/ikincielcekyat-ucuzsatan.com\/ikinciel\/wp-content\/uploads\/2024\/07\/Uc-kisilik-koltuk-cekyat-1.png 871w, https:\/\/ikincielcekyat-ucuzsatan.com\/ikinciel\/wp-content\/uploads\/2024\/07\/Uc-kisilik-koltuk-cekyat-1-300x219.png 300w, https:\/\/ikincielcekyat-ucuzsatan.com\/ikinciel\/wp-content\/uploads\/2024\/07\/Uc-kisilik-koltuk-cekyat-1-768x562.png 768w, https:\/\/ikincielcekyat-ucuzsatan.com\/ikinciel\/wp-content\/uploads\/2024\/07\/Uc-kisilik-koltuk-cekyat-1-600x439.png 600w\" sizes=\"auto, (max-width: 871px) 100vw, 871px\" \/> <img loading=\"lazy\" decoding=\"async\" class=\"aligncenter size-full wp-image-332\" src=\"https:\/\/ikincielcekyat-ucuzsatan.com\/ikinciel\/wp-content\/uploads\/2024\/07\/Uc-kisilik-koltuk-cekyat-2.png\" alt=\"\" width=\"867\" height=\"629\" title=\"\" srcset=\"https:\/\/ikincielcekyat-ucuzsatan.com\/ikinciel\/wp-content\/uploads\/2024\/07\/Uc-kisilik-koltuk-cekyat-2.png 867w, https:\/\/ikincielcekyat-ucuzsatan.com\/ikinciel\/wp-content\/uploads\/2024\/07\/Uc-kisilik-koltuk-cekyat-2-300x218.png 300w, https:\/\/ikincielcekyat-ucuzsatan.com\/ikinciel\/wp-content\/uploads\/2024\/07\/Uc-kisilik-koltuk-cekyat-2-768x557.png 768w, https:\/\/ikincielcekyat-ucuzsatan.com\/ikinciel\/wp-content\/uploads\/2024\/07\/Uc-kisilik-koltuk-cekyat-2-600x435.png 600w\" sizes=\"auto, (max-width: 867px) 100vw, 867px\" \/><\/p>\n","protected":false},"excerpt":{"rendered":"<p><strong>Koltuk fonksiyonunun d\u0131\u015f\u0131nda yatak<\/strong> olarak da kullan\u0131labilen Baz\u0131 setler bir adet iki ki\u015filik ve bir adet \u00fc\u00e7 ki\u015filik koltuktan olu\u015furken; baz\u0131lar\u0131na bir adet ikili ve \u00e7ekyat kanepe \u00e7e\u015fitleri, \u015f\u0131k ve A\u00e7\u0131ld\u0131\u011f\u0131 zaman \u00e7ift ki\u015filik yatak konumuna gelen \u00fcr\u00fcnler, kalabal\u0131k aileler i\u00e7in de ergonomik tasar\u0131mlar\u0131 ile \u00f6ne<\/p>\n","protected":false},"featured_media":331,"template":"","meta":[],"product_brand":[],"product_cat":[15],"product_tag":[35,36],"class_list":{"0":"post-329","1":"product","2":"type-product","3":"status-publish","4":"has-post-thumbnail","6":"product_cat-ikinci-el-cekyat","7":"product_tag-ikinci-el-istikbal-cekyat","8":"product_tag-ikinci-el-koltuk-takimi","10":"first","11":"instock","12":"sale","13":"shipping-taxable","14":"purchasable","15":"product-type-simple"},"_links":{"self":[{"href":"https:\/\/ikincielcekyat-ucuzsatan.com\/ikinciel\/wp-json\/wp\/v2\/product\/329","targetHints":{"allow":["GET"]}}],"collection":[{"href":"https:\/\/ikincielcekyat-ucuzsatan.com\/ikinciel\/wp-json\/wp\/v2\/product"}],"about":[{"href":"https:\/\/ikincielcekyat-ucuzsatan.com\/ikinciel\/wp-json\/wp\/v2\/types\/product"}],"wp:featuredmedia":[{"embeddable":true,"href":"https:\/\/ikincielcekyat-ucuzsatan.com\/ikinciel\/wp-json\/wp\/v2\/media\/331"}],"wp:attachment":[{"href":"https:\/\/ikincielcekyat-ucuzsatan.com\/ikinciel\/wp-json\/wp\/v2\/media?parent=329"}],"wp:term":[{"taxonomy":"product_brand","embeddable":true,"href":"https:\/\/ikincielcekyat-ucuzsatan.com\/ikinciel\/wp-json\/wp\/v2\/product_brand?post=329"},{"taxonomy":"product_cat","embeddable":true,"href":"https:\/\/ikincielcekyat-ucuzsatan.com\/ikinciel\/wp-json\/wp\/v2\/product_cat?post=329"},{"taxonomy":"product_tag","embeddable":true,"href":"https:\/\/ikincielcekyat-ucuzsatan.com\/ikinciel\/wp-json\/wp\/v2\/product_tag?post=329"}],"curies":[{"name":"wp","href":"https:\/\/api.w.org\/{rel}","templated":true}]}}