{"id":337,"date":"2024-07-30T13:15:40","date_gmt":"2024-07-30T10:15:40","guid":{"rendered":"https:\/\/ikincielcekyat-ucuzsatan.com\/ikinciel\/?post_type=product&#038;p=337"},"modified":"2024-07-30T13:15:40","modified_gmt":"2024-07-30T10:15:40","slug":"hakiki-deri-uclu-kanepe-koltuk-az-kullanildi-son-derece-sik-saglam","status":"publish","type":"product","link":"https:\/\/ikincielcekyat-ucuzsatan.com\/ikinciel\/urun\/hakiki-deri-uclu-kanepe-koltuk-az-kullanildi-son-derece-sik-saglam\/","title":{"rendered":"Hakiki deri \u00fc\u00e7l\u00fc kanepe koltuk az kullan\u0131ld\u0131 son derece \u015f\u0131k sa\u011flam"},"content":{"rendered":"<p><img loading=\"lazy\" decoding=\"async\" src=\"https:\/\/ikincielcekyat-ucuzsatan.com\/ikinciel\/wp-content\/uploads\/2024\/07\/Hakiki-deri-uclu-kanepe-koltuk-1.png\" alt=\"\" width=\"894\" height=\"631\" class=\"aligncenter size-full wp-image-338\" title=\"\" srcset=\"https:\/\/ikincielcekyat-ucuzsatan.com\/ikinciel\/wp-content\/uploads\/2024\/07\/Hakiki-deri-uclu-kanepe-koltuk-1.png 894w, https:\/\/ikincielcekyat-ucuzsatan.com\/ikinciel\/wp-content\/uploads\/2024\/07\/Hakiki-deri-uclu-kanepe-koltuk-1-300x212.png 300w, https:\/\/ikincielcekyat-ucuzsatan.com\/ikinciel\/wp-content\/uploads\/2024\/07\/Hakiki-deri-uclu-kanepe-koltuk-1-768x542.png 768w, https:\/\/ikincielcekyat-ucuzsatan.com\/ikinciel\/wp-content\/uploads\/2024\/07\/Hakiki-deri-uclu-kanepe-koltuk-1-600x423.png 600w\" sizes=\"auto, (max-width: 894px) 100vw, 894px\" \/><\/p>\n<p><img loading=\"lazy\" decoding=\"async\" src=\"https:\/\/ikincielcekyat-ucuzsatan.com\/ikinciel\/wp-content\/uploads\/2024\/07\/Hakiki-deri-uclu-kanepe-koltuk-2.png\" alt=\"\" width=\"1049\" height=\"623\" class=\"aligncenter size-full wp-image-339\" title=\"\" srcset=\"https:\/\/ikincielcekyat-ucuzsatan.com\/ikinciel\/wp-content\/uploads\/2024\/07\/Hakiki-deri-uclu-kanepe-koltuk-2.png 1049w, https:\/\/ikincielcekyat-ucuzsatan.com\/ikinciel\/wp-content\/uploads\/2024\/07\/Hakiki-deri-uclu-kanepe-koltuk-2-300x178.png 300w, https:\/\/ikincielcekyat-ucuzsatan.com\/ikinciel\/wp-content\/uploads\/2024\/07\/Hakiki-deri-uclu-kanepe-koltuk-2-1024x608.png 1024w, https:\/\/ikincielcekyat-ucuzsatan.com\/ikinciel\/wp-content\/uploads\/2024\/07\/Hakiki-deri-uclu-kanepe-koltuk-2-768x456.png 768w, https:\/\/ikincielcekyat-ucuzsatan.com\/ikinciel\/wp-content\/uploads\/2024\/07\/Hakiki-deri-uclu-kanepe-koltuk-2-600x356.png 600w\" sizes=\"auto, (max-width: 1049px) 100vw, 1049px\" \/><\/p>\n<p><img loading=\"lazy\" decoding=\"async\" src=\"https:\/\/ikincielcekyat-ucuzsatan.com\/ikinciel\/wp-content\/uploads\/2024\/07\/Hakiki-deri-uclu-kanepe-koltuk-3.png\" alt=\"\" width=\"1042\" height=\"621\" class=\"aligncenter size-full wp-image-340\" title=\"\" srcset=\"https:\/\/ikincielcekyat-ucuzsatan.com\/ikinciel\/wp-content\/uploads\/2024\/07\/Hakiki-deri-uclu-kanepe-koltuk-3.png 1042w, https:\/\/ikincielcekyat-ucuzsatan.com\/ikinciel\/wp-content\/uploads\/2024\/07\/Hakiki-deri-uclu-kanepe-koltuk-3-300x179.png 300w, https:\/\/ikincielcekyat-ucuzsatan.com\/ikinciel\/wp-content\/uploads\/2024\/07\/Hakiki-deri-uclu-kanepe-koltuk-3-1024x610.png 1024w, https:\/\/ikincielcekyat-ucuzsatan.com\/ikinciel\/wp-content\/uploads\/2024\/07\/Hakiki-deri-uclu-kanepe-koltuk-3-768x458.png 768w, https:\/\/ikincielcekyat-ucuzsatan.com\/ikinciel\/wp-content\/uploads\/2024\/07\/Hakiki-deri-uclu-kanepe-koltuk-3-600x358.png 600w\" sizes=\"auto, (max-width: 1042px) 100vw, 1042px\" \/><\/p>\n<p><img loading=\"lazy\" decoding=\"async\" src=\"https:\/\/ikincielcekyat-ucuzsatan.com\/ikinciel\/wp-content\/uploads\/2024\/07\/Hakiki-deri-uclu-kanepe-koltuk-4.png\" alt=\"\" width=\"1022\" height=\"635\" class=\"aligncenter size-full wp-image-341\" title=\"\" srcset=\"https:\/\/ikincielcekyat-ucuzsatan.com\/ikinciel\/wp-content\/uploads\/2024\/07\/Hakiki-deri-uclu-kanepe-koltuk-4.png 1022w, https:\/\/ikincielcekyat-ucuzsatan.com\/ikinciel\/wp-content\/uploads\/2024\/07\/Hakiki-deri-uclu-kanepe-koltuk-4-300x186.png 300w, https:\/\/ikincielcekyat-ucuzsatan.com\/ikinciel\/wp-content\/uploads\/2024\/07\/Hakiki-deri-uclu-kanepe-koltuk-4-768x477.png 768w, https:\/\/ikincielcekyat-ucuzsatan.com\/ikinciel\/wp-content\/uploads\/2024\/07\/Hakiki-deri-uclu-kanepe-koltuk-4-600x373.png 600w\" sizes=\"auto, (max-width: 1022px) 100vw, 1022px\" \/><\/p>\n<p><img loading=\"lazy\" decoding=\"async\" src=\"https:\/\/ikincielcekyat-ucuzsatan.com\/ikinciel\/wp-content\/uploads\/2024\/07\/Hakiki-deri-uclu-kanepe-koltuk-5.png\" alt=\"\" width=\"887\" height=\"633\" class=\"aligncenter size-full wp-image-342\" title=\"\" srcset=\"https:\/\/ikincielcekyat-ucuzsatan.com\/ikinciel\/wp-content\/uploads\/2024\/07\/Hakiki-deri-uclu-kanepe-koltuk-5.png 887w, https:\/\/ikincielcekyat-ucuzsatan.com\/ikinciel\/wp-content\/uploads\/2024\/07\/Hakiki-deri-uclu-kanepe-koltuk-5-300x214.png 300w, https:\/\/ikincielcekyat-ucuzsatan.com\/ikinciel\/wp-content\/uploads\/2024\/07\/Hakiki-deri-uclu-kanepe-koltuk-5-768x548.png 768w, https:\/\/ikincielcekyat-ucuzsatan.com\/ikinciel\/wp-content\/uploads\/2024\/07\/Hakiki-deri-uclu-kanepe-koltuk-5-600x428.png 600w\" sizes=\"auto, (max-width: 887px) 100vw, 887px\" \/><\/p>\n","protected":false},"excerpt":{"rendered":"<p>Hakiki deri \u00fc\u00e7l\u00fc kanepe koltuk Orjinal italyan pirin\u00e7 hakiki deri Ikea deri 3l\u00fc kanepe ve tekli 2 adet koltuk ofis mobilyas\u0131 Hakiki deri tertemiz chaster \u00fc\u00e7l\u00fc kanepe 10-Hakiki deri \u0130\u015fletme kimli\u011fi do\u011fruland\u0131 ikinci el koltuk tak\u0131m\u0131 kayseri ikinci el kanepe koltuk kanepe ikinci Ikea deri 3l\u00fc kanepe d\u00f6\u015femeli ikili koltuk. 40.000 TL Hakiki deri \u00fc\u00e7l\u00fc kanepe.<\/p>\n","protected":false},"featured_media":342,"template":"","meta":[],"product_brand":[],"product_cat":[15],"product_tag":[],"class_list":{"0":"post-337","1":"product","2":"type-product","3":"status-publish","4":"has-post-thumbnail","6":"product_cat-ikinci-el-cekyat","8":"first","9":"instock","10":"sale","11":"shipping-taxable","12":"purchasable","13":"product-type-simple"},"_links":{"self":[{"href":"https:\/\/ikincielcekyat-ucuzsatan.com\/ikinciel\/wp-json\/wp\/v2\/product\/337","targetHints":{"allow":["GET"]}}],"collection":[{"href":"https:\/\/ikincielcekyat-ucuzsatan.com\/ikinciel\/wp-json\/wp\/v2\/product"}],"about":[{"href":"https:\/\/ikincielcekyat-ucuzsatan.com\/ikinciel\/wp-json\/wp\/v2\/types\/product"}],"wp:featuredmedia":[{"embeddable":true,"href":"https:\/\/ikincielcekyat-ucuzsatan.com\/ikinciel\/wp-json\/wp\/v2\/media\/342"}],"wp:attachment":[{"href":"https:\/\/ikincielcekyat-ucuzsatan.com\/ikinciel\/wp-json\/wp\/v2\/media?parent=337"}],"wp:term":[{"taxonomy":"product_brand","embeddable":true,"href":"https:\/\/ikincielcekyat-ucuzsatan.com\/ikinciel\/wp-json\/wp\/v2\/product_brand?post=337"},{"taxonomy":"product_cat","embeddable":true,"href":"https:\/\/ikincielcekyat-ucuzsatan.com\/ikinciel\/wp-json\/wp\/v2\/product_cat?post=337"},{"taxonomy":"product_tag","embeddable":true,"href":"https:\/\/ikincielcekyat-ucuzsatan.com\/ikinciel\/wp-json\/wp\/v2\/product_tag?post=337"}],"curies":[{"name":"wp","href":"https:\/\/api.w.org\/{rel}","templated":true}]}}