{"id":343,"date":"2024-07-30T13:21:00","date_gmt":"2024-07-30T10:21:00","guid":{"rendered":"https:\/\/ikincielcekyat-ucuzsatan.com\/ikinciel\/?post_type=product&#038;p=343"},"modified":"2024-07-30T13:21:00","modified_gmt":"2024-07-30T10:21:00","slug":"enza-home-yatas-kose-koltuk-l-kanepe-temiz-durumda-az-kullanilmis","status":"publish","type":"product","link":"https:\/\/ikincielcekyat-ucuzsatan.com\/ikinciel\/urun\/enza-home-yatas-kose-koltuk-l-kanepe-temiz-durumda-az-kullanilmis\/","title":{"rendered":"Enza home yata\u015f k\u00f6\u015fe koltuk L kanepe (temiz durumda az kullan\u0131lm\u0131\u015f)"},"content":{"rendered":"<p><img loading=\"lazy\" decoding=\"async\" src=\"https:\/\/ikincielcekyat-ucuzsatan.com\/ikinciel\/wp-content\/uploads\/2024\/07\/Enza-home-yatas-kose-koltuk-L-kanepe-1.png\" alt=\"\" width=\"995\" height=\"555\" class=\"aligncenter size-full wp-image-344\" title=\"\" srcset=\"https:\/\/ikincielcekyat-ucuzsatan.com\/ikinciel\/wp-content\/uploads\/2024\/07\/Enza-home-yatas-kose-koltuk-L-kanepe-1.png 995w, https:\/\/ikincielcekyat-ucuzsatan.com\/ikinciel\/wp-content\/uploads\/2024\/07\/Enza-home-yatas-kose-koltuk-L-kanepe-1-300x167.png 300w, https:\/\/ikincielcekyat-ucuzsatan.com\/ikinciel\/wp-content\/uploads\/2024\/07\/Enza-home-yatas-kose-koltuk-L-kanepe-1-768x428.png 768w, https:\/\/ikincielcekyat-ucuzsatan.com\/ikinciel\/wp-content\/uploads\/2024\/07\/Enza-home-yatas-kose-koltuk-L-kanepe-1-600x335.png 600w\" sizes=\"auto, (max-width: 995px) 100vw, 995px\" \/><\/p>\n<p><img loading=\"lazy\" decoding=\"async\" src=\"https:\/\/ikincielcekyat-ucuzsatan.com\/ikinciel\/wp-content\/uploads\/2024\/07\/Enza-home-yatas-kose-koltuk-L-kanepe-2.png\" alt=\"\" width=\"990\" height=\"550\" class=\"aligncenter size-full wp-image-345\" title=\"\" srcset=\"https:\/\/ikincielcekyat-ucuzsatan.com\/ikinciel\/wp-content\/uploads\/2024\/07\/Enza-home-yatas-kose-koltuk-L-kanepe-2.png 990w, https:\/\/ikincielcekyat-ucuzsatan.com\/ikinciel\/wp-content\/uploads\/2024\/07\/Enza-home-yatas-kose-koltuk-L-kanepe-2-300x167.png 300w, https:\/\/ikincielcekyat-ucuzsatan.com\/ikinciel\/wp-content\/uploads\/2024\/07\/Enza-home-yatas-kose-koltuk-L-kanepe-2-768x427.png 768w, https:\/\/ikincielcekyat-ucuzsatan.com\/ikinciel\/wp-content\/uploads\/2024\/07\/Enza-home-yatas-kose-koltuk-L-kanepe-2-600x333.png 600w\" sizes=\"auto, (max-width: 990px) 100vw, 990px\" \/><\/p>\n<p><img loading=\"lazy\" decoding=\"async\" src=\"https:\/\/ikincielcekyat-ucuzsatan.com\/ikinciel\/wp-content\/uploads\/2024\/07\/Enza-home-yatas-kose-koltuk-L-kanepe-3.png\" alt=\"\" width=\"992\" height=\"557\" class=\"aligncenter size-full wp-image-346\" title=\"\" srcset=\"https:\/\/ikincielcekyat-ucuzsatan.com\/ikinciel\/wp-content\/uploads\/2024\/07\/Enza-home-yatas-kose-koltuk-L-kanepe-3.png 992w, https:\/\/ikincielcekyat-ucuzsatan.com\/ikinciel\/wp-content\/uploads\/2024\/07\/Enza-home-yatas-kose-koltuk-L-kanepe-3-300x168.png 300w, https:\/\/ikincielcekyat-ucuzsatan.com\/ikinciel\/wp-content\/uploads\/2024\/07\/Enza-home-yatas-kose-koltuk-L-kanepe-3-768x431.png 768w, https:\/\/ikincielcekyat-ucuzsatan.com\/ikinciel\/wp-content\/uploads\/2024\/07\/Enza-home-yatas-kose-koltuk-L-kanepe-3-720x405.png 720w, https:\/\/ikincielcekyat-ucuzsatan.com\/ikinciel\/wp-content\/uploads\/2024\/07\/Enza-home-yatas-kose-koltuk-L-kanepe-3-600x337.png 600w\" sizes=\"auto, (max-width: 992px) 100vw, 992px\" \/><\/p>\n<p><img loading=\"lazy\" decoding=\"async\" src=\"https:\/\/ikincielcekyat-ucuzsatan.com\/ikinciel\/wp-content\/uploads\/2024\/07\/Enza-home-yatas-kose-koltuk-L-kanepe-4.png\" alt=\"\" width=\"1168\" height=\"634\" class=\"aligncenter size-full wp-image-347\" title=\"\" srcset=\"https:\/\/ikincielcekyat-ucuzsatan.com\/ikinciel\/wp-content\/uploads\/2024\/07\/Enza-home-yatas-kose-koltuk-L-kanepe-4.png 1168w, https:\/\/ikincielcekyat-ucuzsatan.com\/ikinciel\/wp-content\/uploads\/2024\/07\/Enza-home-yatas-kose-koltuk-L-kanepe-4-300x163.png 300w, https:\/\/ikincielcekyat-ucuzsatan.com\/ikinciel\/wp-content\/uploads\/2024\/07\/Enza-home-yatas-kose-koltuk-L-kanepe-4-1024x556.png 1024w, https:\/\/ikincielcekyat-ucuzsatan.com\/ikinciel\/wp-content\/uploads\/2024\/07\/Enza-home-yatas-kose-koltuk-L-kanepe-4-768x417.png 768w, https:\/\/ikincielcekyat-ucuzsatan.com\/ikinciel\/wp-content\/uploads\/2024\/07\/Enza-home-yatas-kose-koltuk-L-kanepe-4-600x326.png 600w\" sizes=\"auto, (max-width: 1168px) 100vw, 1168px\" \/><\/p>\n<p><img loading=\"lazy\" decoding=\"async\" src=\"https:\/\/ikincielcekyat-ucuzsatan.com\/ikinciel\/wp-content\/uploads\/2024\/07\/Enza-home-yatas-kose-koltuk-L-kanepe-5.png\" alt=\"\" width=\"984\" height=\"625\" class=\"aligncenter size-full wp-image-348\" title=\"\" srcset=\"https:\/\/ikincielcekyat-ucuzsatan.com\/ikinciel\/wp-content\/uploads\/2024\/07\/Enza-home-yatas-kose-koltuk-L-kanepe-5.png 984w, https:\/\/ikincielcekyat-ucuzsatan.com\/ikinciel\/wp-content\/uploads\/2024\/07\/Enza-home-yatas-kose-koltuk-L-kanepe-5-300x191.png 300w, https:\/\/ikincielcekyat-ucuzsatan.com\/ikinciel\/wp-content\/uploads\/2024\/07\/Enza-home-yatas-kose-koltuk-L-kanepe-5-768x488.png 768w, https:\/\/ikincielcekyat-ucuzsatan.com\/ikinciel\/wp-content\/uploads\/2024\/07\/Enza-home-yatas-kose-koltuk-L-kanepe-5-600x381.png 600w\" sizes=\"auto, (max-width: 984px) 100vw, 984px\" \/><\/p>\n","protected":false},"excerpt":{"rendered":"<p>Enza home yata\u015f k\u00f6\u015fe koltuk L kanepe Belirli tutardaki al\u0131\u015fverinizlerinize \u0130kinci El Enza Home Koltuk modelleri en uygun fiyatlar 10.000 TL&#8217;ye varan indirimler. Koltuk Tak\u0131mlar\u0131 Koltuk Yata\u015f Enza &#8211; K\u00f6\u015fe Koltuk Tak\u0131m\u0131 \u0130lanlar\u0131 sahibinden 2.320 TL&#8217;den Ba\u015flayan Taksitlerle Enza Home&#8217;da. K\u00f6\u015fe tak\u0131m\u0131 ve 2024 L koltuk modelleri ile konfor ve \u015f\u0131kl\u0131\u011f\u0131 yuvan\u0131za getiren salon ve <\/p>\n","protected":false},"featured_media":345,"template":"","meta":[],"product_brand":[],"product_cat":[31],"product_tag":[34,33],"class_list":{"0":"post-343","1":"product","2":"type-product","3":"status-publish","4":"has-post-thumbnail","6":"product_cat-ikinci-el-kanepe","7":"product_tag-ikinci-el-kose-koltuk-takimi","8":"product_tag-ikinci-el-yatas-cekyat","10":"first","11":"instock","12":"sale","13":"shipping-taxable","14":"purchasable","15":"product-type-simple"},"_links":{"self":[{"href":"https:\/\/ikincielcekyat-ucuzsatan.com\/ikinciel\/wp-json\/wp\/v2\/product\/343","targetHints":{"allow":["GET"]}}],"collection":[{"href":"https:\/\/ikincielcekyat-ucuzsatan.com\/ikinciel\/wp-json\/wp\/v2\/product"}],"about":[{"href":"https:\/\/ikincielcekyat-ucuzsatan.com\/ikinciel\/wp-json\/wp\/v2\/types\/product"}],"wp:featuredmedia":[{"embeddable":true,"href":"https:\/\/ikincielcekyat-ucuzsatan.com\/ikinciel\/wp-json\/wp\/v2\/media\/345"}],"wp:attachment":[{"href":"https:\/\/ikincielcekyat-ucuzsatan.com\/ikinciel\/wp-json\/wp\/v2\/media?parent=343"}],"wp:term":[{"taxonomy":"product_brand","embeddable":true,"href":"https:\/\/ikincielcekyat-ucuzsatan.com\/ikinciel\/wp-json\/wp\/v2\/product_brand?post=343"},{"taxonomy":"product_cat","embeddable":true,"href":"https:\/\/ikincielcekyat-ucuzsatan.com\/ikinciel\/wp-json\/wp\/v2\/product_cat?post=343"},{"taxonomy":"product_tag","embeddable":true,"href":"https:\/\/ikincielcekyat-ucuzsatan.com\/ikinciel\/wp-json\/wp\/v2\/product_tag?post=343"}],"curies":[{"name":"wp","href":"https:\/\/api.w.org\/{rel}","templated":true}]}}