{"id":350,"date":"2024-08-01T07:42:56","date_gmt":"2024-08-01T04:42:56","guid":{"rendered":"https:\/\/ikincielcekyat-ucuzsatan.com\/ikinciel\/?post_type=product&#038;p=350"},"modified":"2024-08-01T07:42:56","modified_gmt":"2024-08-01T04:42:56","slug":"ikea-manstad-yatakli-bazali-l-kose-koltuk-kanepe-saglam-kaliteli","status":"publish","type":"product","link":"https:\/\/ikincielcekyat-ucuzsatan.com\/ikinciel\/urun\/ikea-manstad-yatakli-bazali-l-kose-koltuk-kanepe-saglam-kaliteli\/","title":{"rendered":"IKEA MANSTAD YATAKLI BAZALI L K\u00d6\u015eE KOLTUK KANEPE SA\u011eLAM KAL\u0130TEL\u0130"},"content":{"rendered":"<p><img loading=\"lazy\" decoding=\"async\" src=\"https:\/\/ikincielcekyat-ucuzsatan.com\/ikinciel\/wp-content\/uploads\/2024\/08\/IKEA-MANSTAD-YATAKLI-BAZALI-L-KOSE-KOLTUK-KANEPE-4.png\" alt=\"\" width=\"854\" height=\"631\" class=\"aligncenter size-full wp-image-351\" title=\"\" srcset=\"https:\/\/ikincielcekyat-ucuzsatan.com\/ikinciel\/wp-content\/uploads\/2024\/08\/IKEA-MANSTAD-YATAKLI-BAZALI-L-KOSE-KOLTUK-KANEPE-4.png 854w, https:\/\/ikincielcekyat-ucuzsatan.com\/ikinciel\/wp-content\/uploads\/2024\/08\/IKEA-MANSTAD-YATAKLI-BAZALI-L-KOSE-KOLTUK-KANEPE-4-300x222.png 300w, https:\/\/ikincielcekyat-ucuzsatan.com\/ikinciel\/wp-content\/uploads\/2024\/08\/IKEA-MANSTAD-YATAKLI-BAZALI-L-KOSE-KOLTUK-KANEPE-4-768x567.png 768w, https:\/\/ikincielcekyat-ucuzsatan.com\/ikinciel\/wp-content\/uploads\/2024\/08\/IKEA-MANSTAD-YATAKLI-BAZALI-L-KOSE-KOLTUK-KANEPE-4-600x443.png 600w\" sizes=\"auto, (max-width: 854px) 100vw, 854px\" \/><\/p>\n<p><img loading=\"lazy\" decoding=\"async\" src=\"https:\/\/ikincielcekyat-ucuzsatan.com\/ikinciel\/wp-content\/uploads\/2024\/08\/IKEA-MANSTAD-YATAKLI-BAZALI-L-KOSE-KOLTUK-KANEPE-1.png\" alt=\"\" width=\"846\" height=\"627\" class=\"aligncenter size-full wp-image-352\" title=\"\" srcset=\"https:\/\/ikincielcekyat-ucuzsatan.com\/ikinciel\/wp-content\/uploads\/2024\/08\/IKEA-MANSTAD-YATAKLI-BAZALI-L-KOSE-KOLTUK-KANEPE-1.png 846w, https:\/\/ikincielcekyat-ucuzsatan.com\/ikinciel\/wp-content\/uploads\/2024\/08\/IKEA-MANSTAD-YATAKLI-BAZALI-L-KOSE-KOLTUK-KANEPE-1-300x222.png 300w, https:\/\/ikincielcekyat-ucuzsatan.com\/ikinciel\/wp-content\/uploads\/2024\/08\/IKEA-MANSTAD-YATAKLI-BAZALI-L-KOSE-KOLTUK-KANEPE-1-768x569.png 768w, https:\/\/ikincielcekyat-ucuzsatan.com\/ikinciel\/wp-content\/uploads\/2024\/08\/IKEA-MANSTAD-YATAKLI-BAZALI-L-KOSE-KOLTUK-KANEPE-1-160x120.png 160w, https:\/\/ikincielcekyat-ucuzsatan.com\/ikinciel\/wp-content\/uploads\/2024\/08\/IKEA-MANSTAD-YATAKLI-BAZALI-L-KOSE-KOLTUK-KANEPE-1-600x445.png 600w\" sizes=\"auto, (max-width: 846px) 100vw, 846px\" \/><\/p>\n<p><img loading=\"lazy\" decoding=\"async\" src=\"https:\/\/ikincielcekyat-ucuzsatan.com\/ikinciel\/wp-content\/uploads\/2024\/08\/IKEA-MANSTAD-YATAKLI-BAZALI-L-KOSE-KOLTUK-KANEPE-2.png\" alt=\"\" width=\"963\" height=\"548\" class=\"aligncenter size-full wp-image-353\" title=\"\" srcset=\"https:\/\/ikincielcekyat-ucuzsatan.com\/ikinciel\/wp-content\/uploads\/2024\/08\/IKEA-MANSTAD-YATAKLI-BAZALI-L-KOSE-KOLTUK-KANEPE-2.png 963w, https:\/\/ikincielcekyat-ucuzsatan.com\/ikinciel\/wp-content\/uploads\/2024\/08\/IKEA-MANSTAD-YATAKLI-BAZALI-L-KOSE-KOLTUK-KANEPE-2-300x171.png 300w, https:\/\/ikincielcekyat-ucuzsatan.com\/ikinciel\/wp-content\/uploads\/2024\/08\/IKEA-MANSTAD-YATAKLI-BAZALI-L-KOSE-KOLTUK-KANEPE-2-768x437.png 768w, https:\/\/ikincielcekyat-ucuzsatan.com\/ikinciel\/wp-content\/uploads\/2024\/08\/IKEA-MANSTAD-YATAKLI-BAZALI-L-KOSE-KOLTUK-KANEPE-2-600x341.png 600w\" sizes=\"auto, (max-width: 963px) 100vw, 963px\" \/><\/p>\n<p><img loading=\"lazy\" decoding=\"async\" src=\"https:\/\/ikincielcekyat-ucuzsatan.com\/ikinciel\/wp-content\/uploads\/2024\/08\/IKEA-MANSTAD-YATAKLI-BAZALI-L-KOSE-KOLTUK-KANEPE-3.png\" alt=\"\" width=\"844\" height=\"631\" class=\"aligncenter size-full wp-image-354\" title=\"\" srcset=\"https:\/\/ikincielcekyat-ucuzsatan.com\/ikinciel\/wp-content\/uploads\/2024\/08\/IKEA-MANSTAD-YATAKLI-BAZALI-L-KOSE-KOLTUK-KANEPE-3.png 844w, https:\/\/ikincielcekyat-ucuzsatan.com\/ikinciel\/wp-content\/uploads\/2024\/08\/IKEA-MANSTAD-YATAKLI-BAZALI-L-KOSE-KOLTUK-KANEPE-3-300x224.png 300w, https:\/\/ikincielcekyat-ucuzsatan.com\/ikinciel\/wp-content\/uploads\/2024\/08\/IKEA-MANSTAD-YATAKLI-BAZALI-L-KOSE-KOLTUK-KANEPE-3-768x574.png 768w, https:\/\/ikincielcekyat-ucuzsatan.com\/ikinciel\/wp-content\/uploads\/2024\/08\/IKEA-MANSTAD-YATAKLI-BAZALI-L-KOSE-KOLTUK-KANEPE-3-160x120.png 160w, https:\/\/ikincielcekyat-ucuzsatan.com\/ikinciel\/wp-content\/uploads\/2024\/08\/IKEA-MANSTAD-YATAKLI-BAZALI-L-KOSE-KOLTUK-KANEPE-3-600x449.png 600w\" sizes=\"auto, (max-width: 844px) 100vw, 844px\" \/><\/p>\n","protected":false},"excerpt":{"rendered":"<p>IKEA MANSTAD YATAKLI BAZALI L K\u00d6\u015eE KOLTUK KANEPE Yatakl\u0131 l koltuklar veya Bazal\u0131 L koltuk veya yatakl\u0131 L koltuk se\u00e7erken de hem yata\u011f\u0131 a\u00e7t\u0131\u011f\u0131n\u0131zda bazal\u0131 yatakl\u0131 k\u00f6\u015fe kanepe mini k\u00f6\u015fe koltuk \u00e7e\u015fitleriyle alan\u0131n\u0131z\u0131 maksimum verimlilikle konforla bulu\u015fturabilirsiniz. Oturma<\/p>\n","protected":false},"featured_media":354,"template":"","meta":[],"product_brand":[],"product_cat":[31],"product_tag":[30],"class_list":{"0":"post-350","1":"product","2":"type-product","3":"status-publish","4":"has-post-thumbnail","6":"product_cat-ikinci-el-kanepe","7":"product_tag-ikinci-el-ikea-cekyat-kanepe","9":"first","10":"instock","11":"sale","12":"shipping-taxable","13":"purchasable","14":"product-type-simple"},"_links":{"self":[{"href":"https:\/\/ikincielcekyat-ucuzsatan.com\/ikinciel\/wp-json\/wp\/v2\/product\/350","targetHints":{"allow":["GET"]}}],"collection":[{"href":"https:\/\/ikincielcekyat-ucuzsatan.com\/ikinciel\/wp-json\/wp\/v2\/product"}],"about":[{"href":"https:\/\/ikincielcekyat-ucuzsatan.com\/ikinciel\/wp-json\/wp\/v2\/types\/product"}],"wp:featuredmedia":[{"embeddable":true,"href":"https:\/\/ikincielcekyat-ucuzsatan.com\/ikinciel\/wp-json\/wp\/v2\/media\/354"}],"wp:attachment":[{"href":"https:\/\/ikincielcekyat-ucuzsatan.com\/ikinciel\/wp-json\/wp\/v2\/media?parent=350"}],"wp:term":[{"taxonomy":"product_brand","embeddable":true,"href":"https:\/\/ikincielcekyat-ucuzsatan.com\/ikinciel\/wp-json\/wp\/v2\/product_brand?post=350"},{"taxonomy":"product_cat","embeddable":true,"href":"https:\/\/ikincielcekyat-ucuzsatan.com\/ikinciel\/wp-json\/wp\/v2\/product_cat?post=350"},{"taxonomy":"product_tag","embeddable":true,"href":"https:\/\/ikincielcekyat-ucuzsatan.com\/ikinciel\/wp-json\/wp\/v2\/product_tag?post=350"}],"curies":[{"name":"wp","href":"https:\/\/api.w.org\/{rel}","templated":true}]}}