{"id":356,"date":"2024-08-05T09:24:24","date_gmt":"2024-08-05T06:24:24","guid":{"rendered":"https:\/\/ikincielcekyat-ucuzsatan.com\/ikinciel\/?post_type=product&#038;p=356"},"modified":"2024-08-05T09:24:24","modified_gmt":"2024-08-05T06:24:24","slug":"ikili-ve-uclu-kanepelerden-olusan-koltuk-takimlari-ikinci-el-kelebek-koltuk-takimi","status":"publish","type":"product","link":"https:\/\/ikincielcekyat-ucuzsatan.com\/ikinciel\/urun\/ikili-ve-uclu-kanepelerden-olusan-koltuk-takimlari-ikinci-el-kelebek-koltuk-takimi\/","title":{"rendered":"\u0130kili ve \u00fc\u00e7l\u00fc kanepelerden olu\u015fan koltuk tak\u0131mlar\u0131 ikinci el kelebek koltuk tak\u0131m\u0131"},"content":{"rendered":"<p><img loading=\"lazy\" decoding=\"async\" src=\"https:\/\/ikincielcekyat-ucuzsatan.com\/ikinciel\/wp-content\/uploads\/2024\/08\/ikinci-el-kelebek-koltuk-takimi-2.jpg\" alt=\"\" width=\"1200\" height=\"1600\" class=\"aligncenter size-full wp-image-357\" title=\"\" srcset=\"https:\/\/ikincielcekyat-ucuzsatan.com\/ikinciel\/wp-content\/uploads\/2024\/08\/ikinci-el-kelebek-koltuk-takimi-2.jpg 1200w, https:\/\/ikincielcekyat-ucuzsatan.com\/ikinciel\/wp-content\/uploads\/2024\/08\/ikinci-el-kelebek-koltuk-takimi-2-225x300.jpg 225w, https:\/\/ikincielcekyat-ucuzsatan.com\/ikinciel\/wp-content\/uploads\/2024\/08\/ikinci-el-kelebek-koltuk-takimi-2-768x1024.jpg 768w, https:\/\/ikincielcekyat-ucuzsatan.com\/ikinciel\/wp-content\/uploads\/2024\/08\/ikinci-el-kelebek-koltuk-takimi-2-1152x1536.jpg 1152w, https:\/\/ikincielcekyat-ucuzsatan.com\/ikinciel\/wp-content\/uploads\/2024\/08\/ikinci-el-kelebek-koltuk-takimi-2-600x800.jpg 600w\" sizes=\"auto, (max-width: 1200px) 100vw, 1200px\" \/><\/p>\n<p><img loading=\"lazy\" decoding=\"async\" src=\"https:\/\/ikincielcekyat-ucuzsatan.com\/ikinciel\/wp-content\/uploads\/2024\/08\/ikinci-el-kelebek-koltuk-takimi-3.jpg\" alt=\"\" width=\"1512\" height=\"2016\" class=\"aligncenter size-full wp-image-358\" title=\"\" srcset=\"https:\/\/ikincielcekyat-ucuzsatan.com\/ikinciel\/wp-content\/uploads\/2024\/08\/ikinci-el-kelebek-koltuk-takimi-3.jpg 1512w, https:\/\/ikincielcekyat-ucuzsatan.com\/ikinciel\/wp-content\/uploads\/2024\/08\/ikinci-el-kelebek-koltuk-takimi-3-225x300.jpg 225w, https:\/\/ikincielcekyat-ucuzsatan.com\/ikinciel\/wp-content\/uploads\/2024\/08\/ikinci-el-kelebek-koltuk-takimi-3-768x1024.jpg 768w, https:\/\/ikincielcekyat-ucuzsatan.com\/ikinciel\/wp-content\/uploads\/2024\/08\/ikinci-el-kelebek-koltuk-takimi-3-1152x1536.jpg 1152w, https:\/\/ikincielcekyat-ucuzsatan.com\/ikinciel\/wp-content\/uploads\/2024\/08\/ikinci-el-kelebek-koltuk-takimi-3-600x800.jpg 600w\" sizes=\"auto, (max-width: 1512px) 100vw, 1512px\" \/><\/p>\n<p><img loading=\"lazy\" decoding=\"async\" src=\"https:\/\/ikincielcekyat-ucuzsatan.com\/ikinciel\/wp-content\/uploads\/2024\/08\/ikinci-el-kelebek-koltuk-takimi-1.jpg\" alt=\"\" width=\"2048\" height=\"1152\" class=\"aligncenter size-full wp-image-359\" title=\"\" srcset=\"https:\/\/ikincielcekyat-ucuzsatan.com\/ikinciel\/wp-content\/uploads\/2024\/08\/ikinci-el-kelebek-koltuk-takimi-1.jpg 2048w, https:\/\/ikincielcekyat-ucuzsatan.com\/ikinciel\/wp-content\/uploads\/2024\/08\/ikinci-el-kelebek-koltuk-takimi-1-300x169.jpg 300w, https:\/\/ikincielcekyat-ucuzsatan.com\/ikinciel\/wp-content\/uploads\/2024\/08\/ikinci-el-kelebek-koltuk-takimi-1-1024x576.jpg 1024w, https:\/\/ikincielcekyat-ucuzsatan.com\/ikinciel\/wp-content\/uploads\/2024\/08\/ikinci-el-kelebek-koltuk-takimi-1-768x432.jpg 768w, https:\/\/ikincielcekyat-ucuzsatan.com\/ikinciel\/wp-content\/uploads\/2024\/08\/ikinci-el-kelebek-koltuk-takimi-1-1536x864.jpg 1536w, https:\/\/ikincielcekyat-ucuzsatan.com\/ikinciel\/wp-content\/uploads\/2024\/08\/ikinci-el-kelebek-koltuk-takimi-1-1140x641.jpg 1140w, https:\/\/ikincielcekyat-ucuzsatan.com\/ikinciel\/wp-content\/uploads\/2024\/08\/ikinci-el-kelebek-koltuk-takimi-1-720x405.jpg 720w, https:\/\/ikincielcekyat-ucuzsatan.com\/ikinciel\/wp-content\/uploads\/2024\/08\/ikinci-el-kelebek-koltuk-takimi-1-600x338.jpg 600w\" sizes=\"auto, (max-width: 2048px) 100vw, 2048px\" \/><\/p>\n","protected":false},"excerpt":{"rendered":"<p>ikinci el kelebek koltuk tak\u0131m\u0131 Kelebek \u00fcr\u00fcnlerine s\u0131f\u0131r ve ikinci el se\u00e7enekleriyle ula\u015fabilirsiniz Kelebek Mobilya K\u00f6\u015fe Koltuk Tak\u0131m\u0131 \u0130kili ve \u00fc\u00e7l\u00fc kanepelerden olu\u015fan koltuk tak\u0131mlar\u0131nda bulunan kuma\u015f se\u00e7enekleri  Kelebek Mobilya K\u00f6\u015fe Koltuk . <\/p>\n","protected":false},"featured_media":359,"template":"","meta":[],"product_brand":[],"product_cat":[15,31],"product_tag":[36],"class_list":{"0":"post-356","1":"product","2":"type-product","3":"status-publish","4":"has-post-thumbnail","6":"product_cat-ikinci-el-cekyat","7":"product_cat-ikinci-el-kanepe","8":"product_tag-ikinci-el-koltuk-takimi","10":"first","11":"instock","12":"sale","13":"shipping-taxable","14":"purchasable","15":"product-type-simple"},"_links":{"self":[{"href":"https:\/\/ikincielcekyat-ucuzsatan.com\/ikinciel\/wp-json\/wp\/v2\/product\/356","targetHints":{"allow":["GET"]}}],"collection":[{"href":"https:\/\/ikincielcekyat-ucuzsatan.com\/ikinciel\/wp-json\/wp\/v2\/product"}],"about":[{"href":"https:\/\/ikincielcekyat-ucuzsatan.com\/ikinciel\/wp-json\/wp\/v2\/types\/product"}],"wp:featuredmedia":[{"embeddable":true,"href":"https:\/\/ikincielcekyat-ucuzsatan.com\/ikinciel\/wp-json\/wp\/v2\/media\/359"}],"wp:attachment":[{"href":"https:\/\/ikincielcekyat-ucuzsatan.com\/ikinciel\/wp-json\/wp\/v2\/media?parent=356"}],"wp:term":[{"taxonomy":"product_brand","embeddable":true,"href":"https:\/\/ikincielcekyat-ucuzsatan.com\/ikinciel\/wp-json\/wp\/v2\/product_brand?post=356"},{"taxonomy":"product_cat","embeddable":true,"href":"https:\/\/ikincielcekyat-ucuzsatan.com\/ikinciel\/wp-json\/wp\/v2\/product_cat?post=356"},{"taxonomy":"product_tag","embeddable":true,"href":"https:\/\/ikincielcekyat-ucuzsatan.com\/ikinciel\/wp-json\/wp\/v2\/product_tag?post=356"}],"curies":[{"name":"wp","href":"https:\/\/api.w.org\/{rel}","templated":true}]}}