{"id":374,"date":"2024-08-26T09:10:17","date_gmt":"2024-08-26T06:10:17","guid":{"rendered":"https:\/\/ikincielcekyat-ucuzsatan.com\/ikinciel\/?post_type=product&#038;p=374"},"modified":"2024-08-26T09:10:17","modified_gmt":"2024-08-26T06:10:17","slug":"ikili-koltuk-cekyat-yatak-olabiliyor-acilabilir-ikili-koltuk-gri-renktedir","status":"publish","type":"product","link":"https:\/\/ikincielcekyat-ucuzsatan.com\/ikinciel\/urun\/ikili-koltuk-cekyat-yatak-olabiliyor-acilabilir-ikili-koltuk-gri-renktedir\/","title":{"rendered":"\u0130kili koltuk \u00e7ekyat yatak olabiliyor a\u00e7\u0131labilir ikili koltuk gri renktedir"},"content":{"rendered":"<p><strong>\u0130kili koltuk ka\u00e7 santim?<\/strong><br \/>\n\u0130kili koltuk \u00f6l\u00e7\u00fcleri de t\u0131pk\u0131 \u00fc\u00e7l\u00fc koltuk modellerinde oldu\u011fu gibi standartt\u0131r. Ancak talep edilen \u00f6l\u00e7\u00fclere g\u00f6re 2 li koltuk \u00fcretimi yap\u0131labilir. \u0130kili koltuk \u00f6l\u00e7\u00fcleri hakk\u0131nda da bilgi vermemiz gerekirse \u00f6l\u00e7\u00fcler 100 cm ila 200 cm aral\u0131\u011f\u0131ndad\u0131r.<\/p>\n","protected":false},"excerpt":{"rendered":"<p><strong>\u0130kili koltuk ikinci el \u00e7ekyat yatak olabiliyor<\/strong> Koltuk \u00f6l\u00e7\u00fclerinizi, Oturma Odas\u0131n\u0131n Havas\u0131n\u0131 De\u011fi\u015ftirecek Koltuk ve Kanepeler Modalife&#8217;da. \u0130ndirimleri Ke\u015ffet kuma\u015f cinsini, kol tipini, ayak \u00e7e\u015fidini \u0130kili koltuk modelleri ile arad\u0131\u011f\u0131n yeni sezon \u00fcr\u00fcnler, sevdi\u011fin markalarla tarz\u0131n\u0131za g\u00f6re belirleyin Kanepe yatak olur mu? \u00c7ekyat ile kanepe aras\u0131ndaki fark nedir? L koltuk yatak oluyor mu? \u0130kili koltuk ka\u00e7 santim?<\/p>\n","protected":false},"featured_media":377,"template":"","meta":[],"product_brand":[],"product_cat":[15],"product_tag":[],"class_list":{"0":"post-374","1":"product","2":"type-product","3":"status-publish","4":"has-post-thumbnail","6":"product_cat-ikinci-el-cekyat","8":"first","9":"instock","10":"sale","11":"shipping-taxable","12":"purchasable","13":"product-type-simple"},"_links":{"self":[{"href":"https:\/\/ikincielcekyat-ucuzsatan.com\/ikinciel\/wp-json\/wp\/v2\/product\/374","targetHints":{"allow":["GET"]}}],"collection":[{"href":"https:\/\/ikincielcekyat-ucuzsatan.com\/ikinciel\/wp-json\/wp\/v2\/product"}],"about":[{"href":"https:\/\/ikincielcekyat-ucuzsatan.com\/ikinciel\/wp-json\/wp\/v2\/types\/product"}],"wp:featuredmedia":[{"embeddable":true,"href":"https:\/\/ikincielcekyat-ucuzsatan.com\/ikinciel\/wp-json\/wp\/v2\/media\/377"}],"wp:attachment":[{"href":"https:\/\/ikincielcekyat-ucuzsatan.com\/ikinciel\/wp-json\/wp\/v2\/media?parent=374"}],"wp:term":[{"taxonomy":"product_brand","embeddable":true,"href":"https:\/\/ikincielcekyat-ucuzsatan.com\/ikinciel\/wp-json\/wp\/v2\/product_brand?post=374"},{"taxonomy":"product_cat","embeddable":true,"href":"https:\/\/ikincielcekyat-ucuzsatan.com\/ikinciel\/wp-json\/wp\/v2\/product_cat?post=374"},{"taxonomy":"product_tag","embeddable":true,"href":"https:\/\/ikincielcekyat-ucuzsatan.com\/ikinciel\/wp-json\/wp\/v2\/product_tag?post=374"}],"curies":[{"name":"wp","href":"https:\/\/api.w.org\/{rel}","templated":true}]}}