{"id":380,"date":"2024-08-30T09:22:46","date_gmt":"2024-08-30T06:22:46","guid":{"rendered":"https:\/\/ikincielcekyat-ucuzsatan.com\/ikinciel\/?post_type=product&#038;p=380"},"modified":"2024-08-30T09:22:47","modified_gmt":"2024-08-30T06:22:47","slug":"yatakli-cekyat-2-kisi-yatabilir-rahat-bir-kanepe-icin","status":"publish","type":"product","link":"https:\/\/ikincielcekyat-ucuzsatan.com\/ikinciel\/urun\/yatakli-cekyat-2-kisi-yatabilir-rahat-bir-kanepe-icin\/","title":{"rendered":"Yatakl\u0131 \u00e7ekyat. 2 ki\u015fi yatabilir Rahat bir kanepe i\u00e7in"},"content":{"rendered":"<p><strong>En rahat kanepe hangisi?<\/strong><br \/>\nKanepe se\u00e7imi: Uzun S\u00fcreli Konfor \u0130\u00e7in Nelere Dikkat Etmek &#8230;<br \/>\nRahat bir kanepe i\u00e7in tercih edebilece\u011finiz kuma\u015f t\u00fcrleri aras\u0131nda kadife, mikrofiber ve deri \u00f6ne \u00e7\u0131kar. Kadife yumu\u015fak bir dokuya sahip oldu\u011fu i\u00e7in konforlu bir oturma sa\u011flar. Mikrofiber kuma\u015flar ise yumu\u015fak, dayan\u0131kl\u0131 ve kolay temizlenebilir olmalar\u0131 nedeniyle pop\u00fclerdir.<\/p>\n","protected":false},"excerpt":{"rendered":"<p>Yatakl\u0131 \u00e7ekyat. 2 ki\u015fi yatabilir. Hi\u00e7 kullan\u0131lmam\u0131\u015f s\u0131f\u0131r \u00e7ekyat, Oturma Odas\u0131 ve Salon Mobilyalar\u0131 Modelleri, ikinci el ve s\u0131f\u0131r se\u00e7enekleri ve b\u00fct\u00e7enize uygun \u00e7ift ki\u015filik \u00c7ekyat ile kanepe aras\u0131ndaki fark nedir?<br \/>\nKanepe yatak olur mu? 3lu kanepe ne demek? \u00c7ekyat ne i\u015fe yarar? yatak olabilen. \u0130kinci el sat\u0131l\u0131k mobilyalar farkl\u0131 marka 14.500 TL. Bal\u0131kesir, Alt\u0131eyl\u00fcl ; \u00e7ekyat-<\/p>\n","protected":false},"featured_media":381,"template":"","meta":[],"product_brand":[],"product_cat":[15],"product_tag":[35],"class_list":{"0":"post-380","1":"product","2":"type-product","3":"status-publish","4":"has-post-thumbnail","6":"product_cat-ikinci-el-cekyat","7":"product_tag-ikinci-el-istikbal-cekyat","9":"first","10":"instock","11":"sale","12":"shipping-taxable","13":"purchasable","14":"product-type-simple"},"_links":{"self":[{"href":"https:\/\/ikincielcekyat-ucuzsatan.com\/ikinciel\/wp-json\/wp\/v2\/product\/380","targetHints":{"allow":["GET"]}}],"collection":[{"href":"https:\/\/ikincielcekyat-ucuzsatan.com\/ikinciel\/wp-json\/wp\/v2\/product"}],"about":[{"href":"https:\/\/ikincielcekyat-ucuzsatan.com\/ikinciel\/wp-json\/wp\/v2\/types\/product"}],"wp:featuredmedia":[{"embeddable":true,"href":"https:\/\/ikincielcekyat-ucuzsatan.com\/ikinciel\/wp-json\/wp\/v2\/media\/381"}],"wp:attachment":[{"href":"https:\/\/ikincielcekyat-ucuzsatan.com\/ikinciel\/wp-json\/wp\/v2\/media?parent=380"}],"wp:term":[{"taxonomy":"product_brand","embeddable":true,"href":"https:\/\/ikincielcekyat-ucuzsatan.com\/ikinciel\/wp-json\/wp\/v2\/product_brand?post=380"},{"taxonomy":"product_cat","embeddable":true,"href":"https:\/\/ikincielcekyat-ucuzsatan.com\/ikinciel\/wp-json\/wp\/v2\/product_cat?post=380"},{"taxonomy":"product_tag","embeddable":true,"href":"https:\/\/ikincielcekyat-ucuzsatan.com\/ikinciel\/wp-json\/wp\/v2\/product_tag?post=380"}],"curies":[{"name":"wp","href":"https:\/\/api.w.org\/{rel}","templated":true}]}}