{"id":385,"date":"2024-10-01T09:13:33","date_gmt":"2024-10-01T06:13:33","guid":{"rendered":"https:\/\/ikincielcekyat-ucuzsatan.com\/ikinciel\/?post_type=product&#038;p=385"},"modified":"2024-10-01T09:13:33","modified_gmt":"2024-10-01T06:13:33","slug":"2-el-cekyat-pembe-renkli-harika-cekyat-yatak-olan-cekyat","status":"publish","type":"product","link":"https:\/\/ikincielcekyat-ucuzsatan.com\/ikinciel\/urun\/2-el-cekyat-pembe-renkli-harika-cekyat-yatak-olan-cekyat\/","title":{"rendered":"2.el \u00e7ekyat pembe renkli harika \u00e7ekyat yatak olan \u00e7ekyat"},"content":{"rendered":"","protected":false},"excerpt":{"rendered":"<p>pembe renkli harika \u00e7ekyat yatak olan \u00e7ekyat Yatak Olabilen Mekanizmal\u0131 Yatan Ikili Kanepe Koltuk Estetik ve Fonksiyonel Rahat &#038; \u015e\u0131k &#8211; Pembe. En Ucuz \u00d6zellikle \u00e7\u0131kar\u0131labilir k\u0131l\u0131flara sahip kuma\u015f kanepeler, kolayl\u0131kla makinede y\u0131kanabilir, hatta y\u0131l\u0131n %10 5.399,10 TL TEK F\u0130YAT  2. el Kanepe fiyatlar\u0131 ve Kanepe \u00e7e\u015fitleri bol se\u00e7enek ile bu sayfada. T\u0131kla, evine yeni bir Kanepe<\/p>\n","protected":false},"featured_media":388,"template":"","meta":[],"product_brand":[],"product_cat":[15],"product_tag":[],"class_list":{"0":"post-385","1":"product","2":"type-product","3":"status-publish","4":"has-post-thumbnail","6":"product_cat-ikinci-el-cekyat","8":"first","9":"instock","10":"sale","11":"shipping-taxable","12":"purchasable","13":"product-type-simple"},"_links":{"self":[{"href":"https:\/\/ikincielcekyat-ucuzsatan.com\/ikinciel\/wp-json\/wp\/v2\/product\/385","targetHints":{"allow":["GET"]}}],"collection":[{"href":"https:\/\/ikincielcekyat-ucuzsatan.com\/ikinciel\/wp-json\/wp\/v2\/product"}],"about":[{"href":"https:\/\/ikincielcekyat-ucuzsatan.com\/ikinciel\/wp-json\/wp\/v2\/types\/product"}],"wp:featuredmedia":[{"embeddable":true,"href":"https:\/\/ikincielcekyat-ucuzsatan.com\/ikinciel\/wp-json\/wp\/v2\/media\/388"}],"wp:attachment":[{"href":"https:\/\/ikincielcekyat-ucuzsatan.com\/ikinciel\/wp-json\/wp\/v2\/media?parent=385"}],"wp:term":[{"taxonomy":"product_brand","embeddable":true,"href":"https:\/\/ikincielcekyat-ucuzsatan.com\/ikinciel\/wp-json\/wp\/v2\/product_brand?post=385"},{"taxonomy":"product_cat","embeddable":true,"href":"https:\/\/ikincielcekyat-ucuzsatan.com\/ikinciel\/wp-json\/wp\/v2\/product_cat?post=385"},{"taxonomy":"product_tag","embeddable":true,"href":"https:\/\/ikincielcekyat-ucuzsatan.com\/ikinciel\/wp-json\/wp\/v2\/product_tag?post=385"}],"curies":[{"name":"wp","href":"https:\/\/api.w.org\/{rel}","templated":true}]}}