{"id":390,"date":"2024-10-06T09:08:55","date_gmt":"2024-10-06T06:08:55","guid":{"rendered":"https:\/\/ikincielcekyat-ucuzsatan.com\/ikinciel\/?post_type=product&#038;p=390"},"modified":"2024-10-06T09:08:55","modified_gmt":"2024-10-06T06:08:55","slug":"temiz-kullanilmis-ikea-soderhamn-koltuk-ucuz-fiyat","status":"publish","type":"product","link":"https:\/\/ikincielcekyat-ucuzsatan.com\/ikinciel\/urun\/temiz-kullanilmis-ikea-soderhamn-koltuk-ucuz-fiyat\/","title":{"rendered":"Temiz kullan\u0131lm\u0131\u015f ikea s\u00f6derhamn koltuk ucuz fiyat"},"content":{"rendered":"","protected":false},"excerpt":{"rendered":"<p> temiz kullan\u0131lm\u0131\u015f ikea s\u00f6derhamn koltuk Oturma Odas\u0131 ve Salon Mobilyalar\u0131 Modelleri, ikinci el ve YEN\u0130LENM\u0130\u015e KOLTUK TAKIMLARI 12500 \u20ba \u00dcCRETS\u0130Z NAKL\u0130YE KURULUM \u0130STED\u0130\u011e\u0130N\u0130Z RENK 6.000 TL. Bal\u0131kesir, Alt\u0131eyl\u00fcl. Ikea S\u00d6DERHAMN \u0130KEA KOLTUK ,3&#8217;L\u00dc \u00c7OK TEM\u0130Z S\u00d6DERHAMN. temiz kullanilmis sorunsuz. \u0130lan gri \u00fc\u00e7l\u00fc kanepe ve uzanma koltu\u011fu Koltu\u011fumuzu sat\u0131n almak veya nakliye teslimat se\u00e7enekleri ile ilgili bilgi almak i\u00e7in bizimle ileti\u015fime ge\u00e7ebilirsiniz<\/p>\n","protected":false},"featured_media":391,"template":"","meta":[],"product_brand":[],"product_cat":[31],"product_tag":[30],"class_list":{"0":"post-390","1":"product","2":"type-product","3":"status-publish","4":"has-post-thumbnail","6":"product_cat-ikinci-el-kanepe","7":"product_tag-ikinci-el-ikea-cekyat-kanepe","9":"first","10":"instock","11":"sale","12":"shipping-taxable","13":"purchasable","14":"product-type-simple"},"_links":{"self":[{"href":"https:\/\/ikincielcekyat-ucuzsatan.com\/ikinciel\/wp-json\/wp\/v2\/product\/390","targetHints":{"allow":["GET"]}}],"collection":[{"href":"https:\/\/ikincielcekyat-ucuzsatan.com\/ikinciel\/wp-json\/wp\/v2\/product"}],"about":[{"href":"https:\/\/ikincielcekyat-ucuzsatan.com\/ikinciel\/wp-json\/wp\/v2\/types\/product"}],"wp:featuredmedia":[{"embeddable":true,"href":"https:\/\/ikincielcekyat-ucuzsatan.com\/ikinciel\/wp-json\/wp\/v2\/media\/391"}],"wp:attachment":[{"href":"https:\/\/ikincielcekyat-ucuzsatan.com\/ikinciel\/wp-json\/wp\/v2\/media?parent=390"}],"wp:term":[{"taxonomy":"product_brand","embeddable":true,"href":"https:\/\/ikincielcekyat-ucuzsatan.com\/ikinciel\/wp-json\/wp\/v2\/product_brand?post=390"},{"taxonomy":"product_cat","embeddable":true,"href":"https:\/\/ikincielcekyat-ucuzsatan.com\/ikinciel\/wp-json\/wp\/v2\/product_cat?post=390"},{"taxonomy":"product_tag","embeddable":true,"href":"https:\/\/ikincielcekyat-ucuzsatan.com\/ikinciel\/wp-json\/wp\/v2\/product_tag?post=390"}],"curies":[{"name":"wp","href":"https:\/\/api.w.org\/{rel}","templated":true}]}}