{"id":404,"date":"2024-10-20T07:21:00","date_gmt":"2024-10-20T04:21:00","guid":{"rendered":"https:\/\/ikincielcekyat-ucuzsatan.com\/ikinciel\/?post_type=product&#038;p=404"},"modified":"2024-10-20T07:21:00","modified_gmt":"2024-10-20T04:21:00","slug":"cekyat-eski-tip-klasik-istikbal-kanepe-cekyat","status":"publish","type":"product","link":"https:\/\/ikincielcekyat-ucuzsatan.com\/ikinciel\/urun\/cekyat-eski-tip-klasik-istikbal-kanepe-cekyat\/","title":{"rendered":"\u00c7ekyat eski tip klasik istikbal kanepe \u00e7ekyat"},"content":{"rendered":"<p><img loading=\"lazy\" decoding=\"async\" class=\"aligncenter size-full wp-image-405\" src=\"https:\/\/ikincielcekyat-ucuzsatan.com\/ikinciel\/wp-content\/uploads\/2024\/10\/klasik-istikbal-kanepe-cekyat-1.png\" alt=\"\" width=\"698\" height=\"632\" title=\"\" srcset=\"https:\/\/ikincielcekyat-ucuzsatan.com\/ikinciel\/wp-content\/uploads\/2024\/10\/klasik-istikbal-kanepe-cekyat-1.png 698w, https:\/\/ikincielcekyat-ucuzsatan.com\/ikinciel\/wp-content\/uploads\/2024\/10\/klasik-istikbal-kanepe-cekyat-1-300x272.png 300w, https:\/\/ikincielcekyat-ucuzsatan.com\/ikinciel\/wp-content\/uploads\/2024\/10\/klasik-istikbal-kanepe-cekyat-1-600x543.png 600w\" sizes=\"auto, (max-width: 698px) 100vw, 698px\" \/><\/p>\n","protected":false},"excerpt":{"rendered":"<p>klasik istikbal kanepe \u00e7ekyat Klasik tarza uygun bir model se\u00e7ebilirsiniz. <strong><a href=\"https:\/\/www.istikbal.com.tr\/kategori\/kanepe-koltuk\">\u0130stikbal kanepe<\/a><\/strong> fiyatlar\u0131, istikbal&#8217;de \u00e7ekyat fiyatlar\u0131, yatakl\u0131 kanepe, \u00e7ekyat tak\u0131mlar\u0131, istikbal \u00e7ekyat Klasi\u011fin d\u0131\u015f\u0131na \u00e7\u0131kmay\u0131 tercih eden m\u00fc\u015fteriler de bulunur. \u0130stikbal&#8217;in \u00e7ekyat kanepe yatak modelleri, esnek kullan\u0131m ve kolay ge\u00e7i\u015f sa\u011flar. Bu modellerde, kanepe k\u0131sm\u0131 kolayca E\u011flenceli ve renkli tercihlerde bulunmak isteyen Modern, klasik veya avangard tarzda bir\u00e7ok model aras\u0131ndan se\u00e7im<\/p>\n","protected":false},"featured_media":406,"template":"","meta":[],"product_brand":[],"product_cat":[15,31],"product_tag":[35],"class_list":{"0":"post-404","1":"product","2":"type-product","3":"status-publish","4":"has-post-thumbnail","6":"product_cat-ikinci-el-cekyat","7":"product_cat-ikinci-el-kanepe","8":"product_tag-ikinci-el-istikbal-cekyat","10":"first","11":"instock","12":"sale","13":"shipping-taxable","14":"purchasable","15":"product-type-simple"},"_links":{"self":[{"href":"https:\/\/ikincielcekyat-ucuzsatan.com\/ikinciel\/wp-json\/wp\/v2\/product\/404","targetHints":{"allow":["GET"]}}],"collection":[{"href":"https:\/\/ikincielcekyat-ucuzsatan.com\/ikinciel\/wp-json\/wp\/v2\/product"}],"about":[{"href":"https:\/\/ikincielcekyat-ucuzsatan.com\/ikinciel\/wp-json\/wp\/v2\/types\/product"}],"wp:featuredmedia":[{"embeddable":true,"href":"https:\/\/ikincielcekyat-ucuzsatan.com\/ikinciel\/wp-json\/wp\/v2\/media\/406"}],"wp:attachment":[{"href":"https:\/\/ikincielcekyat-ucuzsatan.com\/ikinciel\/wp-json\/wp\/v2\/media?parent=404"}],"wp:term":[{"taxonomy":"product_brand","embeddable":true,"href":"https:\/\/ikincielcekyat-ucuzsatan.com\/ikinciel\/wp-json\/wp\/v2\/product_brand?post=404"},{"taxonomy":"product_cat","embeddable":true,"href":"https:\/\/ikincielcekyat-ucuzsatan.com\/ikinciel\/wp-json\/wp\/v2\/product_cat?post=404"},{"taxonomy":"product_tag","embeddable":true,"href":"https:\/\/ikincielcekyat-ucuzsatan.com\/ikinciel\/wp-json\/wp\/v2\/product_tag?post=404"}],"curies":[{"name":"wp","href":"https:\/\/api.w.org\/{rel}","templated":true}]}}