{"id":412,"date":"2024-12-24T12:05:40","date_gmt":"2024-12-24T09:05:40","guid":{"rendered":"https:\/\/ikincielcekyat-ucuzsatan.com\/ikinciel\/?post_type=product&#038;p=412"},"modified":"2024-12-24T12:05:40","modified_gmt":"2024-12-24T09:05:40","slug":"spot-cekyat-hem-yatak-olur-hem-oturmak-icin-ideal","status":"publish","type":"product","link":"https:\/\/ikincielcekyat-ucuzsatan.com\/ikinciel\/urun\/spot-cekyat-hem-yatak-olur-hem-oturmak-icin-ideal\/","title":{"rendered":"Spot \u00e7ekyat hem yatak olur hem oturmak i\u00e7in ideal"},"content":{"rendered":"<p><img loading=\"lazy\" decoding=\"async\" src=\"https:\/\/ikincielcekyat-ucuzsatan.com\/ikinciel\/wp-content\/uploads\/2024\/12\/Spot-cekyat-hem-yatak-olur-2.png\" alt=\"\" width=\"717\" height=\"528\" class=\"aligncenter size-full wp-image-414\" title=\"\" srcset=\"https:\/\/ikincielcekyat-ucuzsatan.com\/ikinciel\/wp-content\/uploads\/2024\/12\/Spot-cekyat-hem-yatak-olur-2.png 717w, https:\/\/ikincielcekyat-ucuzsatan.com\/ikinciel\/wp-content\/uploads\/2024\/12\/Spot-cekyat-hem-yatak-olur-2-300x221.png 300w, https:\/\/ikincielcekyat-ucuzsatan.com\/ikinciel\/wp-content\/uploads\/2024\/12\/Spot-cekyat-hem-yatak-olur-2-600x442.png 600w\" sizes=\"auto, (max-width: 717px) 100vw, 717px\" \/><\/p>\n","protected":false},"excerpt":{"rendered":"<p>\u0130htiya\u00e7 duydu\u011fun ev tekstili \u00fcr\u00fcnleri, avantajl\u0131 kili yatakl\u0131 kanepe salon, oturma odas\u0131 ya da ofis gibi Portmanto modelleri e\u015fyalar\u0131n\u0131z\u0131 saklamak a\u00e7\u0131s\u0131ndan hem \u015f\u0131k hem fonksiyonel se\u00e7enekler sunan bir ortamlarda kolay bir \u015fekilde kullanabilece\u011finiz fiyatlarla \u00d6zellikle sunulan rahatl\u0131\u011f\u0131 hem oturma grubu olarak kullanabilir hem de yatak \u015feklinde ayarlama  \u015eimdi sat\u0131n al. Geni\u015f \u00fcr\u00fcn <\/p>\n","protected":false},"featured_media":414,"template":"","meta":[],"product_brand":[],"product_cat":[15],"product_tag":[37],"class_list":{"0":"post-412","1":"product","2":"type-product","3":"status-publish","4":"has-post-thumbnail","6":"product_cat-ikinci-el-cekyat","7":"product_tag-spot-cekyat","9":"first","10":"instock","11":"sale","12":"shipping-taxable","13":"purchasable","14":"product-type-simple"},"_links":{"self":[{"href":"https:\/\/ikincielcekyat-ucuzsatan.com\/ikinciel\/wp-json\/wp\/v2\/product\/412","targetHints":{"allow":["GET"]}}],"collection":[{"href":"https:\/\/ikincielcekyat-ucuzsatan.com\/ikinciel\/wp-json\/wp\/v2\/product"}],"about":[{"href":"https:\/\/ikincielcekyat-ucuzsatan.com\/ikinciel\/wp-json\/wp\/v2\/types\/product"}],"wp:featuredmedia":[{"embeddable":true,"href":"https:\/\/ikincielcekyat-ucuzsatan.com\/ikinciel\/wp-json\/wp\/v2\/media\/414"}],"wp:attachment":[{"href":"https:\/\/ikincielcekyat-ucuzsatan.com\/ikinciel\/wp-json\/wp\/v2\/media?parent=412"}],"wp:term":[{"taxonomy":"product_brand","embeddable":true,"href":"https:\/\/ikincielcekyat-ucuzsatan.com\/ikinciel\/wp-json\/wp\/v2\/product_brand?post=412"},{"taxonomy":"product_cat","embeddable":true,"href":"https:\/\/ikincielcekyat-ucuzsatan.com\/ikinciel\/wp-json\/wp\/v2\/product_cat?post=412"},{"taxonomy":"product_tag","embeddable":true,"href":"https:\/\/ikincielcekyat-ucuzsatan.com\/ikinciel\/wp-json\/wp\/v2\/product_tag?post=412"}],"curies":[{"name":"wp","href":"https:\/\/api.w.org\/{rel}","templated":true}]}}