{"id":423,"date":"2025-08-05T13:13:53","date_gmt":"2025-08-05T10:13:53","guid":{"rendered":"https:\/\/ikincielcekyat-ucuzsatan.com\/ikinciel\/?post_type=product&#038;p=423"},"modified":"2025-08-05T13:13:53","modified_gmt":"2025-08-05T10:13:53","slug":"temiz-kullanilmis-sorunsuz-bir-urun-istikbal-marka-3-kisilik-cekyat","status":"publish","type":"product","link":"https:\/\/ikincielcekyat-ucuzsatan.com\/ikinciel\/urun\/temiz-kullanilmis-sorunsuz-bir-urun-istikbal-marka-3-kisilik-cekyat\/","title":{"rendered":"Temiz kullan\u0131lm\u0131\u015f, sorunsuz bir \u00fcr\u00fcn. \u0130stikbal marka 3 ki\u015filik \u00e7ekyat"},"content":{"rendered":"<p><img loading=\"lazy\" decoding=\"async\" class=\"aligncenter size-full wp-image-424\" src=\"https:\/\/ikincielcekyat-ucuzsatan.com\/ikinciel\/wp-content\/uploads\/2025\/08\/Istikbal-marka-3-kisilik-cekyat-2.png\" alt=\"\" width=\"727\" height=\"542\" title=\"\" srcset=\"https:\/\/ikincielcekyat-ucuzsatan.com\/ikinciel\/wp-content\/uploads\/2025\/08\/Istikbal-marka-3-kisilik-cekyat-2.png 727w, https:\/\/ikincielcekyat-ucuzsatan.com\/ikinciel\/wp-content\/uploads\/2025\/08\/Istikbal-marka-3-kisilik-cekyat-2-300x224.png 300w, https:\/\/ikincielcekyat-ucuzsatan.com\/ikinciel\/wp-content\/uploads\/2025\/08\/Istikbal-marka-3-kisilik-cekyat-2-160x120.png 160w, https:\/\/ikincielcekyat-ucuzsatan.com\/ikinciel\/wp-content\/uploads\/2025\/08\/Istikbal-marka-3-kisilik-cekyat-2-600x447.png 600w\" sizes=\"auto, (max-width: 727px) 100vw, 727px\" \/><\/p>\n","protected":false},"excerpt":{"rendered":"<p>Ma\u011fazam\u0131z \u0130stanbul Anadolu Yakas\u0131, Maltepe Ma\u011fazam\u0131z \u0130stanbul Anadolu Yakas\u0131, Maltepe il\u00e7esi F\u0131nd\u0131kl\u0131 Mahallesi konumundad\u0131r. Anadolu yakas\u0131 yak\u0131n b\u00f6lgeler \u00fccretsiz bir \u015fekilde nakliye ve montaj hizmeti vermekteyiz. Bizlere telefon numaralar\u0131m\u0131z \u00fczerinden ula\u015f\u0131p <em>2 el koltuk tak\u0131m\u0131<\/em> kaliteli modeller, uygun fiyatlar, h\u0131zl\u0131 kargo garantisi ve Hepsiburada g\u00fcvencesiyle seni ya\u015fad\u0131\u011f\u0131n\u0131z yeri bildirerek \u00fcr\u00fcn ile ilgili nakliye veya montaj bilgisi alabilirisiniz. il\u00e7esi F\u0131nd\u0131kl\u0131 Mahallesi konumundad\u0131r. Anadolu yakas\u0131 yak\u0131n b\u00f6lgeler \u00fccretsiz bir \u015fekilde nakliye ve montaj hizmeti vermekteyiz. Bizlere telefon numaralar\u0131m\u0131z \u00fczerinden ula\u015f\u0131p ya\u015fad\u0131\u011f\u0131n\u0131z yeri bildirerek \u00fcr\u00fcn ile ilgili nakliye veya montaj bilgisi alabilirisiniz.<\/p>\n","protected":false},"featured_media":425,"template":"","meta":[],"product_brand":[],"product_cat":[15],"product_tag":[],"class_list":{"0":"post-423","1":"product","2":"type-product","3":"status-publish","4":"has-post-thumbnail","6":"product_cat-ikinci-el-cekyat","8":"first","9":"instock","10":"sale","11":"shipping-taxable","12":"purchasable","13":"product-type-simple"},"_links":{"self":[{"href":"https:\/\/ikincielcekyat-ucuzsatan.com\/ikinciel\/wp-json\/wp\/v2\/product\/423","targetHints":{"allow":["GET"]}}],"collection":[{"href":"https:\/\/ikincielcekyat-ucuzsatan.com\/ikinciel\/wp-json\/wp\/v2\/product"}],"about":[{"href":"https:\/\/ikincielcekyat-ucuzsatan.com\/ikinciel\/wp-json\/wp\/v2\/types\/product"}],"wp:featuredmedia":[{"embeddable":true,"href":"https:\/\/ikincielcekyat-ucuzsatan.com\/ikinciel\/wp-json\/wp\/v2\/media\/425"}],"wp:attachment":[{"href":"https:\/\/ikincielcekyat-ucuzsatan.com\/ikinciel\/wp-json\/wp\/v2\/media?parent=423"}],"wp:term":[{"taxonomy":"product_brand","embeddable":true,"href":"https:\/\/ikincielcekyat-ucuzsatan.com\/ikinciel\/wp-json\/wp\/v2\/product_brand?post=423"},{"taxonomy":"product_cat","embeddable":true,"href":"https:\/\/ikincielcekyat-ucuzsatan.com\/ikinciel\/wp-json\/wp\/v2\/product_cat?post=423"},{"taxonomy":"product_tag","embeddable":true,"href":"https:\/\/ikincielcekyat-ucuzsatan.com\/ikinciel\/wp-json\/wp\/v2\/product_tag?post=423"}],"curies":[{"name":"wp","href":"https:\/\/api.w.org\/{rel}","templated":true}]}}