{"id":427,"date":"2025-08-09T14:43:51","date_gmt":"2025-08-09T11:43:51","guid":{"rendered":"https:\/\/ikincielcekyat-ucuzsatan.com\/ikinciel\/?post_type=product&#038;p=427"},"modified":"2025-08-09T14:43:51","modified_gmt":"2025-08-09T11:43:51","slug":"spot-mdf-plaka-en-ucuz-fiyata-toptan-satan-yerler","status":"publish","type":"product","link":"https:\/\/ikincielcekyat-ucuzsatan.com\/ikinciel\/urun\/spot-mdf-plaka-en-ucuz-fiyata-toptan-satan-yerler\/","title":{"rendered":"Spot MDF plaka en ucuz fiyata toptan satan yerler"},"content":{"rendered":"<p>Spot MDF plaka MDF iyi bir malzeme mi?<br \/>\nMDF ve Yonga Levha (Sunta) Aras\u0131ndaki Farklar<br \/>\nMDF malzemesinin tercih edilme nedeni a\u011f\u0131r y\u00fck ta\u015f\u0131yacak g\u00fc\u00e7te ve kalitede bir malzeme olmas\u0131d\u0131r. Ayr\u0131ca g\u00fczel boyanm\u0131\u015f bir MDF malzemesinin g\u00f6r\u00fcnt\u00fcs\u00fc ah\u015fap gibidir, \u00e7ok \u015f\u0131k bir g\u00f6r\u00fcnt\u00fc verir. MDF gard\u0131rop, MDF dolap, MDF kitapl\u0131k gibi bir\u00e7ok \u00fcr\u00fcn\u00fc y\u0131llarca sa\u011flam bir \u015fekilde kullanabilirsiniz.<\/p>\n","protected":false},"excerpt":{"rendered":"<p>Spot MDF plaka Ekonomik Ucuz\u00a0<em>MDF<\/em>\u00a0Lam 1.650 TL\u00a0<em>Mdf<\/em>\u00a0Lam \u00b7 8mm 210\u00d7280 Ham\u00a0<em>Mdf<\/em>\u00a0\u00b7 5mm 210\u00d7280 Beyaz &#8230;\u00a0<em>Plaka<\/em>\u00a0kesim fiyat\u0131 200 TL. 18mm\u00a0<em>MDF<\/em>\u00a0LAM 210 x 280 TL (BIR TARAFI LAM Minimum 20 plaka \u00fczeri her \u00f6l\u00e7\u00fcde Sunta, MDF ve Kontrplak kesimi yap\u0131l\u0131r. AGT MDF Lam, panel \u00e7e\u015fitleri ile mobilyalar\u0131n\u0131za kalite kat\u0131n. Farkl\u0131 renk ve ebat se\u00e7eneklerini hemen ke\u015ffedin.<\/p>\n","protected":false},"featured_media":428,"template":"","meta":[],"product_brand":[],"product_cat":[15],"product_tag":[],"class_list":{"0":"post-427","1":"product","2":"type-product","3":"status-publish","4":"has-post-thumbnail","6":"product_cat-ikinci-el-cekyat","8":"first","9":"instock","10":"sale","11":"shipping-taxable","12":"purchasable","13":"product-type-simple"},"_links":{"self":[{"href":"https:\/\/ikincielcekyat-ucuzsatan.com\/ikinciel\/wp-json\/wp\/v2\/product\/427","targetHints":{"allow":["GET"]}}],"collection":[{"href":"https:\/\/ikincielcekyat-ucuzsatan.com\/ikinciel\/wp-json\/wp\/v2\/product"}],"about":[{"href":"https:\/\/ikincielcekyat-ucuzsatan.com\/ikinciel\/wp-json\/wp\/v2\/types\/product"}],"wp:featuredmedia":[{"embeddable":true,"href":"https:\/\/ikincielcekyat-ucuzsatan.com\/ikinciel\/wp-json\/wp\/v2\/media\/428"}],"wp:attachment":[{"href":"https:\/\/ikincielcekyat-ucuzsatan.com\/ikinciel\/wp-json\/wp\/v2\/media?parent=427"}],"wp:term":[{"taxonomy":"product_brand","embeddable":true,"href":"https:\/\/ikincielcekyat-ucuzsatan.com\/ikinciel\/wp-json\/wp\/v2\/product_brand?post=427"},{"taxonomy":"product_cat","embeddable":true,"href":"https:\/\/ikincielcekyat-ucuzsatan.com\/ikinciel\/wp-json\/wp\/v2\/product_cat?post=427"},{"taxonomy":"product_tag","embeddable":true,"href":"https:\/\/ikincielcekyat-ucuzsatan.com\/ikinciel\/wp-json\/wp\/v2\/product_tag?post=427"}],"curies":[{"name":"wp","href":"https:\/\/api.w.org\/{rel}","templated":true}]}}