{"id":431,"date":"2025-12-07T15:06:08","date_gmt":"2025-12-07T12:06:08","guid":{"rendered":"https:\/\/ikincielcekyat-ucuzsatan.com\/ikinciel\/?post_type=product&#038;p=431"},"modified":"2025-12-07T15:06:08","modified_gmt":"2025-12-07T12:06:08","slug":"ikinci-el-komple-set-halinde-sec-begen-al-muzik-tesisat-hazir-kurulu","status":"publish","type":"product","link":"https:\/\/ikincielcekyat-ucuzsatan.com\/ikinciel\/urun\/ikinci-el-komple-set-halinde-sec-begen-al-muzik-tesisat-hazir-kurulu\/","title":{"rendered":"\u0130K\u0130NC\u0130 EL KOMPLE SET HAL\u0130NDE SE\u00c7 BEGEN AL M\u00dcZ\u0130K TES\u0130SAT HAZIR KURULU"},"content":{"rendered":"<p><img loading=\"lazy\" decoding=\"async\" src=\"https:\/\/ikincielcekyat-ucuzsatan.com\/ikinciel\/wp-content\/uploads\/2025\/12\/MUZIK-TESISAT-HAZIR-KURULU-2.png\" alt=\"\" width=\"1424\" height=\"871\" class=\"aligncenter size-full wp-image-434\" title=\"\" srcset=\"https:\/\/ikincielcekyat-ucuzsatan.com\/ikinciel\/wp-content\/uploads\/2025\/12\/MUZIK-TESISAT-HAZIR-KURULU-2.png 1424w, https:\/\/ikincielcekyat-ucuzsatan.com\/ikinciel\/wp-content\/uploads\/2025\/12\/MUZIK-TESISAT-HAZIR-KURULU-2-300x183.png 300w, https:\/\/ikincielcekyat-ucuzsatan.com\/ikinciel\/wp-content\/uploads\/2025\/12\/MUZIK-TESISAT-HAZIR-KURULU-2-1024x626.png 1024w, https:\/\/ikincielcekyat-ucuzsatan.com\/ikinciel\/wp-content\/uploads\/2025\/12\/MUZIK-TESISAT-HAZIR-KURULU-2-768x470.png 768w, https:\/\/ikincielcekyat-ucuzsatan.com\/ikinciel\/wp-content\/uploads\/2025\/12\/MUZIK-TESISAT-HAZIR-KURULU-2-600x367.png 600w\" sizes=\"auto, (max-width: 1424px) 100vw, 1424px\" \/><\/p>\n","protected":false},"excerpt":{"rendered":"<p>M\u00dcZ\u0130K TES\u0130SAT HAZIR KURULU \u0130K\u0130NC\u0130 EL KOMPLE SET HAL\u0130NDE SE\u00c7 BEGEN AL M\u00dcZ\u0130K TES\u0130SAT HAZIR KURULU<\/p>\n","protected":false},"featured_media":432,"template":"","meta":[],"product_brand":[],"product_cat":[15],"product_tag":[],"class_list":{"0":"post-431","1":"product","2":"type-product","3":"status-publish","4":"has-post-thumbnail","6":"product_cat-ikinci-el-cekyat","8":"first","9":"instock","10":"sale","11":"shipping-taxable","12":"purchasable","13":"product-type-simple"},"_links":{"self":[{"href":"https:\/\/ikincielcekyat-ucuzsatan.com\/ikinciel\/wp-json\/wp\/v2\/product\/431","targetHints":{"allow":["GET"]}}],"collection":[{"href":"https:\/\/ikincielcekyat-ucuzsatan.com\/ikinciel\/wp-json\/wp\/v2\/product"}],"about":[{"href":"https:\/\/ikincielcekyat-ucuzsatan.com\/ikinciel\/wp-json\/wp\/v2\/types\/product"}],"wp:featuredmedia":[{"embeddable":true,"href":"https:\/\/ikincielcekyat-ucuzsatan.com\/ikinciel\/wp-json\/wp\/v2\/media\/432"}],"wp:attachment":[{"href":"https:\/\/ikincielcekyat-ucuzsatan.com\/ikinciel\/wp-json\/wp\/v2\/media?parent=431"}],"wp:term":[{"taxonomy":"product_brand","embeddable":true,"href":"https:\/\/ikincielcekyat-ucuzsatan.com\/ikinciel\/wp-json\/wp\/v2\/product_brand?post=431"},{"taxonomy":"product_cat","embeddable":true,"href":"https:\/\/ikincielcekyat-ucuzsatan.com\/ikinciel\/wp-json\/wp\/v2\/product_cat?post=431"},{"taxonomy":"product_tag","embeddable":true,"href":"https:\/\/ikincielcekyat-ucuzsatan.com\/ikinciel\/wp-json\/wp\/v2\/product_tag?post=431"}],"curies":[{"name":"wp","href":"https:\/\/api.w.org\/{rel}","templated":true}]}}