{"id":443,"date":"2025-12-30T08:53:11","date_gmt":"2025-12-30T05:53:11","guid":{"rendered":"https:\/\/ikincielcekyat-ucuzsatan.com\/ikinciel\/?post_type=product&#038;p=443"},"modified":"2025-12-30T08:53:11","modified_gmt":"2025-12-30T05:53:11","slug":"ikinci-el-miele-ankastre-elektrikli-fritoz-domino-seri","status":"publish","type":"product","link":"https:\/\/ikincielcekyat-ucuzsatan.com\/ikinciel\/urun\/ikinci-el-miele-ankastre-elektrikli-fritoz-domino-seri\/","title":{"rendered":"\u0130K\u0130NC\u0130 EL M\u0130ELE ANKASTRE ELEKTR\u0130KL\u0130 FR\u0130T\u00d6Z DOM\u0130NO SER\u0130"},"content":{"rendered":"<p>2el ozenle kullanilmis t\u00fcm fonksiyonlar\u0131 sorunsuz \u00e7al\u0131\u015fmaktad\u0131r..<\/p>\n<p>domino seri..<\/p>\n<p>g\u00f6mme ANKASTRE frit\u00f6z..<\/p>\n<p>elektrikli frit\u00f6z  .<\/p>\n<p>temizlik i\u00e7in alt kisminda tahliye vanasi mevcuttur..<\/p>\n<p>genislik 29 cm<\/p>\n<p>derinlik 52 cm<\/p>\n<p>guncel bayi fiyati 100 bin tl \u00fczeredir.. <\/p>\n<p>g\u00f6ztepe egitim mah gelip gorebilirsiniz..<\/p>\n<p>nakliye kurulum konusunda ek \u00fccretli yard\u0131mc\u0131 olabilirim..<\/p>\n<p>il disina kargo ile gonderim saglanacaktir <img loading=\"lazy\" decoding=\"async\" src=\"https:\/\/ikincielcekyat-ucuzsatan.com\/ikinciel\/wp-content\/uploads\/2025\/12\/IKINCI-EL-MIELE-ANKASTRE-ELEKTRIKLI-FRITOZ-DOMINO-SERI-3.png\" alt=\"\" width=\"1134\" height=\"851\" class=\"aligncenter size-full wp-image-447\" title=\"\" srcset=\"https:\/\/ikincielcekyat-ucuzsatan.com\/ikinciel\/wp-content\/uploads\/2025\/12\/IKINCI-EL-MIELE-ANKASTRE-ELEKTRIKLI-FRITOZ-DOMINO-SERI-3.png 1134w, https:\/\/ikincielcekyat-ucuzsatan.com\/ikinciel\/wp-content\/uploads\/2025\/12\/IKINCI-EL-MIELE-ANKASTRE-ELEKTRIKLI-FRITOZ-DOMINO-SERI-3-300x225.png 300w, https:\/\/ikincielcekyat-ucuzsatan.com\/ikinciel\/wp-content\/uploads\/2025\/12\/IKINCI-EL-MIELE-ANKASTRE-ELEKTRIKLI-FRITOZ-DOMINO-SERI-3-1024x768.png 1024w, https:\/\/ikincielcekyat-ucuzsatan.com\/ikinciel\/wp-content\/uploads\/2025\/12\/IKINCI-EL-MIELE-ANKASTRE-ELEKTRIKLI-FRITOZ-DOMINO-SERI-3-768x576.png 768w, https:\/\/ikincielcekyat-ucuzsatan.com\/ikinciel\/wp-content\/uploads\/2025\/12\/IKINCI-EL-MIELE-ANKASTRE-ELEKTRIKLI-FRITOZ-DOMINO-SERI-3-160x120.png 160w, https:\/\/ikincielcekyat-ucuzsatan.com\/ikinciel\/wp-content\/uploads\/2025\/12\/IKINCI-EL-MIELE-ANKASTRE-ELEKTRIKLI-FRITOZ-DOMINO-SERI-3-600x450.png 600w\" sizes=\"auto, (max-width: 1134px) 100vw, 1134px\" \/><\/p>\n","protected":false},"excerpt":{"rendered":"<p>\u0130K\u0130NC\u0130 EL M\u0130ELE ANKASTRE ELEKTR\u0130KL\u0130 FR\u0130T\u00d6Z DOM\u0130NO SER\u0130 #1256245431. M\u0130ELE ANKASTRE ELEKTR\u0130KL\u0130 FR\u0130T\u00d6Z DOM\u0130NO SER\u0130. 27.500 TL. \u0130stanbul, Kad\u0131k\u00f6y. Miele KM2256 ANKASTRE elektrikli frit\u00f6z . temizlik i\u00e7in alt kisminda tahliye vanasi mevcuttur.. genislik 29 cm. derinlik 52 cm. <\/p>\n","protected":false},"featured_media":444,"template":"","meta":[],"product_brand":[],"product_cat":[15],"product_tag":[],"class_list":{"0":"post-443","1":"product","2":"type-product","3":"status-publish","4":"has-post-thumbnail","6":"product_cat-ikinci-el-cekyat","8":"first","9":"instock","10":"sale","11":"shipping-taxable","12":"purchasable","13":"product-type-simple"},"_links":{"self":[{"href":"https:\/\/ikincielcekyat-ucuzsatan.com\/ikinciel\/wp-json\/wp\/v2\/product\/443","targetHints":{"allow":["GET"]}}],"collection":[{"href":"https:\/\/ikincielcekyat-ucuzsatan.com\/ikinciel\/wp-json\/wp\/v2\/product"}],"about":[{"href":"https:\/\/ikincielcekyat-ucuzsatan.com\/ikinciel\/wp-json\/wp\/v2\/types\/product"}],"wp:featuredmedia":[{"embeddable":true,"href":"https:\/\/ikincielcekyat-ucuzsatan.com\/ikinciel\/wp-json\/wp\/v2\/media\/444"}],"wp:attachment":[{"href":"https:\/\/ikincielcekyat-ucuzsatan.com\/ikinciel\/wp-json\/wp\/v2\/media?parent=443"}],"wp:term":[{"taxonomy":"product_brand","embeddable":true,"href":"https:\/\/ikincielcekyat-ucuzsatan.com\/ikinciel\/wp-json\/wp\/v2\/product_brand?post=443"},{"taxonomy":"product_cat","embeddable":true,"href":"https:\/\/ikincielcekyat-ucuzsatan.com\/ikinciel\/wp-json\/wp\/v2\/product_cat?post=443"},{"taxonomy":"product_tag","embeddable":true,"href":"https:\/\/ikincielcekyat-ucuzsatan.com\/ikinciel\/wp-json\/wp\/v2\/product_tag?post=443"}],"curies":[{"name":"wp","href":"https:\/\/api.w.org\/{rel}","templated":true}]}}